{"id":5656,"date":"2021-04-23T15:48:08","date_gmt":"2021-04-23T18:48:09","guid":{"rendered":"http:\/\/localhost\/wheaton-dev\/produto\/lb-0516-s\/"},"modified":"2023-05-28T14:24:13","modified_gmt":"2023-05-28T17:24:13","slug":"lb-0516-s","status":"publish","type":"product","link":"https:\/\/wheaton-produtos.htc.inf.br\/es\/producto\/lb-0516-s\/","title":{"rendered":"LB -0516-S"},"content":{"rendered":"","protected":false},"excerpt":{"rendered":"<p>Uma cole\u00e7\u00e3o especial dedicada a projetos diferenciados.<br \/>\nA demanda por embalagens diferenciadas aumentou nos \u00faltimos anos.<br \/>\nPara atender a esses clientes, a Wheaton Brasil desenvolveu frascos com design singular dedicados a conceitos especiais de produtos.<br \/>\nTermina\u00e7\u00e3o descentralizada, formas criativas, fundo elaborado e aplica\u00e7\u00e3o de fire polishing. Frascos sofisticados em uma linha standard, com uma condi\u00e7\u00e3o especial.<\/p>\n","protected":false},"featured_media":4859,"comment_status":"closed","ping_status":"closed","template":"","meta":{"_acf_changed":false,"inline_featured_image":false},"product_brand":[],"product_cat":[193,251,232],"product_tag":[],"class_list":{"0":"post-5656","1":"product","2":"type-product","3":"status-publish","4":"has-post-thumbnail","6":"product_cat-envases-de-vidrio","7":"product_cat-inspiracao-perfumaria-cosmeticos-envsases-de-vidrio-es","8":"product_cat-perfumeria-cosmeticos","10":"first","11":"instock","12":"product-type-simple"},"acf":[],"_links":{"self":[{"href":"https:\/\/wheaton-produtos.htc.inf.br\/es\/wp-json\/wp\/v2\/product\/5656","targetHints":{"allow":["GET"]}}],"collection":[{"href":"https:\/\/wheaton-produtos.htc.inf.br\/es\/wp-json\/wp\/v2\/product"}],"about":[{"href":"https:\/\/wheaton-produtos.htc.inf.br\/es\/wp-json\/wp\/v2\/types\/product"}],"replies":[{"embeddable":true,"href":"https:\/\/wheaton-produtos.htc.inf.br\/es\/wp-json\/wp\/v2\/comments?post=5656"}],"wp:featuredmedia":[{"embeddable":true,"href":"https:\/\/wheaton-produtos.htc.inf.br\/es\/wp-json\/wp\/v2\/media\/4859"}],"wp:attachment":[{"href":"https:\/\/wheaton-produtos.htc.inf.br\/es\/wp-json\/wp\/v2\/media?parent=5656"}],"wp:term":[{"taxonomy":"product_brand","embeddable":true,"href":"https:\/\/wheaton-produtos.htc.inf.br\/es\/wp-json\/wp\/v2\/product_brand?post=5656"},{"taxonomy":"product_cat","embeddable":true,"href":"https:\/\/wheaton-produtos.htc.inf.br\/es\/wp-json\/wp\/v2\/product_cat?post=5656"},{"taxonomy":"product_tag","embeddable":true,"href":"https:\/\/wheaton-produtos.htc.inf.br\/es\/wp-json\/wp\/v2\/product_tag?post=5656"}],"curies":[{"name":"wp","href":"https:\/\/api.w.org\/{rel}","templated":true}]}}