{"id":5652,"date":"2020-02-10T18:09:09","date_gmt":"2020-02-10T21:09:09","guid":{"rendered":"http:\/\/localhost\/wheaton-dev\/produto\/pru-9998-conjunto-de-tacas-para-sobremesa-barroco-6-pecas\/"},"modified":"2021-09-21T23:54:41","modified_gmt":"2021-09-22T02:54:41","slug":"pru-9998-conjunto-de-tacas-para-sobremesa-barroco-6-pecas","status":"publish","type":"product","link":"https:\/\/wheaton-produtos.htc.inf.br\/es\/producto\/pru-9998-conjunto-de-tacas-para-sobremesa-barroco-6-pecas\/","title":{"rendered":"PRU 9998 &#8211; JUEGO DE COPAS PARA POSTRE BARROCO &#8211; 6 PIEZAS"},"content":{"rendered":"","protected":false},"excerpt":{"rendered":"<p>Versatilidad con estilo \u2013 copas pr\u00e1cticas y funcionales, con la sofisticaci\u00f3n y la elegancia del dise\u00f1o \u00abbico de jaca\u00bb. Versatilidad y estilo para servir y regalar.<\/p>\n","protected":false},"featured_media":4818,"comment_status":"closed","ping_status":"open","template":"","meta":{"_acf_changed":false,"inline_featured_image":false},"product_brand":[],"product_cat":[245,194],"product_tag":[],"class_list":{"0":"post-5652","1":"product","2":"type-product","3":"status-publish","4":"has-post-thumbnail","6":"product_cat-edicion-limitada-productos-del-hogar-es","7":"product_cat-productos-para-el-hogar","9":"first","10":"instock","11":"product-type-simple"},"acf":[],"_links":{"self":[{"href":"https:\/\/wheaton-produtos.htc.inf.br\/es\/wp-json\/wp\/v2\/product\/5652","targetHints":{"allow":["GET"]}}],"collection":[{"href":"https:\/\/wheaton-produtos.htc.inf.br\/es\/wp-json\/wp\/v2\/product"}],"about":[{"href":"https:\/\/wheaton-produtos.htc.inf.br\/es\/wp-json\/wp\/v2\/types\/product"}],"replies":[{"embeddable":true,"href":"https:\/\/wheaton-produtos.htc.inf.br\/es\/wp-json\/wp\/v2\/comments?post=5652"}],"wp:featuredmedia":[{"embeddable":true,"href":"https:\/\/wheaton-produtos.htc.inf.br\/es\/wp-json\/wp\/v2\/media\/4818"}],"wp:attachment":[{"href":"https:\/\/wheaton-produtos.htc.inf.br\/es\/wp-json\/wp\/v2\/media?parent=5652"}],"wp:term":[{"taxonomy":"product_brand","embeddable":true,"href":"https:\/\/wheaton-produtos.htc.inf.br\/es\/wp-json\/wp\/v2\/product_brand?post=5652"},{"taxonomy":"product_cat","embeddable":true,"href":"https:\/\/wheaton-produtos.htc.inf.br\/es\/wp-json\/wp\/v2\/product_cat?post=5652"},{"taxonomy":"product_tag","embeddable":true,"href":"https:\/\/wheaton-produtos.htc.inf.br\/es\/wp-json\/wp\/v2\/product_tag?post=5652"}],"curies":[{"name":"wp","href":"https:\/\/api.w.org\/{rel}","templated":true}]}}