{"id":5642,"date":"2019-02-19T13:37:53","date_gmt":"2019-02-19T16:37:53","guid":{"rendered":"http:\/\/localhost\/wheaton-dev\/produto\/5180-juego-de-cena-16-piezas-2\/"},"modified":"2021-09-21T23:54:37","modified_gmt":"2021-09-22T02:54:37","slug":"5180-juego-de-cena-16-piezas-2","status":"publish","type":"product","link":"https:\/\/wheaton-produtos.htc.inf.br\/es\/producto\/5180-juego-de-cena-16-piezas-2\/","title":{"rendered":"5180 &#8211; JUEGO DE CENA &#8211; 16 PIEZAS"},"content":{"rendered":"<p>4 Vasos para \u00c1gua<\/p>\n<p>4 Compoteras Peque\u00f1as<\/p>\n<p>4 Platos Hondos<\/p>\n<p>4 Platos Llanos<\/p>\n","protected":false},"excerpt":{"rendered":"<p>Una l\u00ednea tradicional con un dise\u00f1o contempor\u00e1neo. Para ocasiones formales o informales.<\/p>\n","protected":false},"featured_media":4774,"comment_status":"closed","ping_status":"open","template":"","meta":{"_acf_changed":false,"inline_featured_image":false},"product_brand":[],"product_cat":[206,194],"product_tag":[],"class_list":{"0":"post-5642","1":"product","2":"type-product","3":"status-publish","4":"has-post-thumbnail","6":"product_cat-emotions-productos-para-el-hogar","7":"product_cat-productos-para-el-hogar","9":"first","10":"instock","11":"product-type-simple"},"acf":[],"_links":{"self":[{"href":"https:\/\/wheaton-produtos.htc.inf.br\/es\/wp-json\/wp\/v2\/product\/5642","targetHints":{"allow":["GET"]}}],"collection":[{"href":"https:\/\/wheaton-produtos.htc.inf.br\/es\/wp-json\/wp\/v2\/product"}],"about":[{"href":"https:\/\/wheaton-produtos.htc.inf.br\/es\/wp-json\/wp\/v2\/types\/product"}],"replies":[{"embeddable":true,"href":"https:\/\/wheaton-produtos.htc.inf.br\/es\/wp-json\/wp\/v2\/comments?post=5642"}],"wp:featuredmedia":[{"embeddable":true,"href":"https:\/\/wheaton-produtos.htc.inf.br\/es\/wp-json\/wp\/v2\/media\/4774"}],"wp:attachment":[{"href":"https:\/\/wheaton-produtos.htc.inf.br\/es\/wp-json\/wp\/v2\/media?parent=5642"}],"wp:term":[{"taxonomy":"product_brand","embeddable":true,"href":"https:\/\/wheaton-produtos.htc.inf.br\/es\/wp-json\/wp\/v2\/product_brand?post=5642"},{"taxonomy":"product_cat","embeddable":true,"href":"https:\/\/wheaton-produtos.htc.inf.br\/es\/wp-json\/wp\/v2\/product_cat?post=5642"},{"taxonomy":"product_tag","embeddable":true,"href":"https:\/\/wheaton-produtos.htc.inf.br\/es\/wp-json\/wp\/v2\/product_tag?post=5642"}],"curies":[{"name":"wp","href":"https:\/\/api.w.org\/{rel}","templated":true}]}}