{"id":5630,"date":"2018-04-27T18:05:19","date_gmt":"2018-04-27T21:05:19","guid":{"rendered":"http:\/\/localhost\/wheaton-dev\/produto\/mb-1403-n1\/"},"modified":"2023-05-28T14:24:23","modified_gmt":"2023-05-28T17:24:23","slug":"mb-1403-n1","status":"publish","type":"product","link":"https:\/\/wheaton-produtos.htc.inf.br\/es\/producto\/mb-1403-n1\/","title":{"rendered":"MB -1403-N1"},"content":{"rendered":"","protected":false},"excerpt":{"rendered":"<p>La fantas\u00eda se revela la perfecci\u00f3n. La plenitud de lados que son complementarios inducen una experiencia m\u00e1gica.<\/p>\n","protected":false},"featured_media":4477,"comment_status":"closed","ping_status":"open","template":"","meta":{"_acf_changed":false,"inline_featured_image":false},"product_brand":[],"product_cat":[193,226,249,232],"product_tag":[],"class_list":{"0":"post-5630","1":"product","2":"type-product","3":"status-publish","4":"has-post-thumbnail","6":"product_cat-envases-de-vidrio","7":"product_cat-fantasia-perfumaria-cosmeticos-envsases-de-vidrio","8":"product_cat-fantasia-perfumaria-cosmeticos-envsases-de-vidrio-es","9":"product_cat-perfumeria-cosmeticos","11":"first","12":"instock","13":"product-type-simple"},"acf":[],"_links":{"self":[{"href":"https:\/\/wheaton-produtos.htc.inf.br\/es\/wp-json\/wp\/v2\/product\/5630","targetHints":{"allow":["GET"]}}],"collection":[{"href":"https:\/\/wheaton-produtos.htc.inf.br\/es\/wp-json\/wp\/v2\/product"}],"about":[{"href":"https:\/\/wheaton-produtos.htc.inf.br\/es\/wp-json\/wp\/v2\/types\/product"}],"replies":[{"embeddable":true,"href":"https:\/\/wheaton-produtos.htc.inf.br\/es\/wp-json\/wp\/v2\/comments?post=5630"}],"wp:featuredmedia":[{"embeddable":true,"href":"https:\/\/wheaton-produtos.htc.inf.br\/es\/wp-json\/wp\/v2\/media\/4477"}],"wp:attachment":[{"href":"https:\/\/wheaton-produtos.htc.inf.br\/es\/wp-json\/wp\/v2\/media?parent=5630"}],"wp:term":[{"taxonomy":"product_brand","embeddable":true,"href":"https:\/\/wheaton-produtos.htc.inf.br\/es\/wp-json\/wp\/v2\/product_brand?post=5630"},{"taxonomy":"product_cat","embeddable":true,"href":"https:\/\/wheaton-produtos.htc.inf.br\/es\/wp-json\/wp\/v2\/product_cat?post=5630"},{"taxonomy":"product_tag","embeddable":true,"href":"https:\/\/wheaton-produtos.htc.inf.br\/es\/wp-json\/wp\/v2\/product_tag?post=5630"}],"curies":[{"name":"wp","href":"https:\/\/api.w.org\/{rel}","templated":true}]}}