{"id":5627,"date":"2018-05-17T19:36:59","date_gmt":"2018-05-17T22:37:00","guid":{"rendered":"http:\/\/localhost\/wheaton-dev\/produto\/mb-1229-n1n\/"},"modified":"2023-05-28T14:24:13","modified_gmt":"2023-05-28T17:24:13","slug":"mb-1229-n1n","status":"publish","type":"product","link":"https:\/\/wheaton-produtos.htc.inf.br\/es\/producto\/mb-1229-n1n\/","title":{"rendered":"MB -1229-N1N"},"content":{"rendered":"","protected":false},"excerpt":{"rendered":"<p>Una colecci\u00f3n dedicada a proyectos especiales.<br \/>\nLa demanda de envases diferenciados se ha incrementado a lo largo de los a\u00f1os.<br \/>\nPara estos clientes, Wheaton Brasil desarroll\u00f3 envases con dise\u00f1o \u00fanico dedicados a los conceptos especiales de productos.<br \/>\nTerminaci\u00f3n descentralizada, fondos detallados, formas creativas y aplicaci\u00f3n de fire polishing. Sofisticados envases de vidrio en una l\u00ednea est\u00e1ndar, con una condici\u00f3n especial.<\/p>\n","protected":false},"featured_media":4174,"comment_status":"closed","ping_status":"closed","template":"","meta":{"_acf_changed":false,"inline_featured_image":false},"product_brand":[],"product_cat":[193,251,232],"product_tag":[],"class_list":{"0":"post-5627","1":"product","2":"type-product","3":"status-publish","4":"has-post-thumbnail","6":"product_cat-envases-de-vidrio","7":"product_cat-inspiracao-perfumaria-cosmeticos-envsases-de-vidrio-es","8":"product_cat-perfumeria-cosmeticos","10":"first","11":"instock","12":"product-type-simple"},"acf":[],"_links":{"self":[{"href":"https:\/\/wheaton-produtos.htc.inf.br\/es\/wp-json\/wp\/v2\/product\/5627","targetHints":{"allow":["GET"]}}],"collection":[{"href":"https:\/\/wheaton-produtos.htc.inf.br\/es\/wp-json\/wp\/v2\/product"}],"about":[{"href":"https:\/\/wheaton-produtos.htc.inf.br\/es\/wp-json\/wp\/v2\/types\/product"}],"replies":[{"embeddable":true,"href":"https:\/\/wheaton-produtos.htc.inf.br\/es\/wp-json\/wp\/v2\/comments?post=5627"}],"wp:featuredmedia":[{"embeddable":true,"href":"https:\/\/wheaton-produtos.htc.inf.br\/es\/wp-json\/wp\/v2\/media\/4174"}],"wp:attachment":[{"href":"https:\/\/wheaton-produtos.htc.inf.br\/es\/wp-json\/wp\/v2\/media?parent=5627"}],"wp:term":[{"taxonomy":"product_brand","embeddable":true,"href":"https:\/\/wheaton-produtos.htc.inf.br\/es\/wp-json\/wp\/v2\/product_brand?post=5627"},{"taxonomy":"product_cat","embeddable":true,"href":"https:\/\/wheaton-produtos.htc.inf.br\/es\/wp-json\/wp\/v2\/product_cat?post=5627"},{"taxonomy":"product_tag","embeddable":true,"href":"https:\/\/wheaton-produtos.htc.inf.br\/es\/wp-json\/wp\/v2\/product_tag?post=5627"}],"curies":[{"name":"wp","href":"https:\/\/api.w.org\/{rel}","templated":true}]}}