{"id":5584,"date":"2018-03-01T20:26:20","date_gmt":"2018-03-01T23:26:20","guid":{"rendered":"http:\/\/localhost\/wheaton-dev\/produto\/5093-plato-hondo-negro\/"},"modified":"2021-09-21T23:54:14","modified_gmt":"2021-09-22T02:54:14","slug":"5093-plato-hondo-negro","status":"publish","type":"product","link":"https:\/\/wheaton-produtos.htc.inf.br\/es\/producto\/5093-plato-hondo-negro\/","title":{"rendered":"5093 &#8211; PLATO HONDO NEGRO"},"content":{"rendered":"","protected":false},"excerpt":{"rendered":"<p>Moderno, b\u00e1sico y colorido &#8211; Ideal para todos los d\u00edas y ocasiones especiales. \u00bfQu\u00e9 te parece componer una mesa con  los productos Confetti de colores diferentes, o coordinarlos con el audaz dise\u00f1o de la l\u00ednea Petra o los tonos de la l\u00ednea Unique?<\/p>\n","protected":false},"featured_media":4258,"comment_status":"closed","ping_status":"open","template":"","meta":{"_acf_changed":false,"inline_featured_image":false},"product_brand":[],"product_cat":[236,194],"product_tag":[],"class_list":{"0":"post-5584","1":"product","2":"type-product","3":"status-publish","4":"has-post-thumbnail","6":"product_cat-intense-es","7":"product_cat-productos-para-el-hogar","9":"first","10":"instock","11":"product-type-simple"},"acf":[],"_links":{"self":[{"href":"https:\/\/wheaton-produtos.htc.inf.br\/es\/wp-json\/wp\/v2\/product\/5584","targetHints":{"allow":["GET"]}}],"collection":[{"href":"https:\/\/wheaton-produtos.htc.inf.br\/es\/wp-json\/wp\/v2\/product"}],"about":[{"href":"https:\/\/wheaton-produtos.htc.inf.br\/es\/wp-json\/wp\/v2\/types\/product"}],"replies":[{"embeddable":true,"href":"https:\/\/wheaton-produtos.htc.inf.br\/es\/wp-json\/wp\/v2\/comments?post=5584"}],"wp:featuredmedia":[{"embeddable":true,"href":"https:\/\/wheaton-produtos.htc.inf.br\/es\/wp-json\/wp\/v2\/media\/4258"}],"wp:attachment":[{"href":"https:\/\/wheaton-produtos.htc.inf.br\/es\/wp-json\/wp\/v2\/media?parent=5584"}],"wp:term":[{"taxonomy":"product_brand","embeddable":true,"href":"https:\/\/wheaton-produtos.htc.inf.br\/es\/wp-json\/wp\/v2\/product_brand?post=5584"},{"taxonomy":"product_cat","embeddable":true,"href":"https:\/\/wheaton-produtos.htc.inf.br\/es\/wp-json\/wp\/v2\/product_cat?post=5584"},{"taxonomy":"product_tag","embeddable":true,"href":"https:\/\/wheaton-produtos.htc.inf.br\/es\/wp-json\/wp\/v2\/product_tag?post=5584"}],"curies":[{"name":"wp","href":"https:\/\/api.w.org\/{rel}","templated":true}]}}