{"id":5506,"date":"2018-03-01T14:16:39","date_gmt":"2018-03-01T21:17:40","guid":{"rendered":"http:\/\/localhost\/wheaton-dev\/produto\/lb-0106-s\/"},"modified":"2023-05-28T14:24:03","modified_gmt":"2023-05-28T17:24:03","slug":"lb-0106-s","status":"publish","type":"product","link":"https:\/\/wheaton-produtos.htc.inf.br\/es\/producto\/lb-0106-s\/","title":{"rendered":"LB -0106-S"},"content":{"rendered":"","protected":false},"excerpt":{"rendered":"<p>La sencillez de las l\u00edneas y la ligereza de las formas declaran una alegr\u00eda espont\u00e1nea.<\/p>\n","protected":false},"featured_media":1171,"comment_status":"closed","ping_status":"closed","template":"","meta":{"_acf_changed":false,"inline_featured_image":false},"product_brand":[],"product_cat":[246,193,232],"product_tag":[],"class_list":{"0":"post-5506","1":"product","2":"type-product","3":"status-publish","4":"has-post-thumbnail","6":"product_cat-alegria-perfumaria-cosmeticos-envsases-de-vidrio-es","7":"product_cat-envases-de-vidrio","8":"product_cat-perfumeria-cosmeticos","10":"first","11":"instock","12":"product-type-simple"},"acf":[],"_links":{"self":[{"href":"https:\/\/wheaton-produtos.htc.inf.br\/es\/wp-json\/wp\/v2\/product\/5506","targetHints":{"allow":["GET"]}}],"collection":[{"href":"https:\/\/wheaton-produtos.htc.inf.br\/es\/wp-json\/wp\/v2\/product"}],"about":[{"href":"https:\/\/wheaton-produtos.htc.inf.br\/es\/wp-json\/wp\/v2\/types\/product"}],"replies":[{"embeddable":true,"href":"https:\/\/wheaton-produtos.htc.inf.br\/es\/wp-json\/wp\/v2\/comments?post=5506"}],"wp:featuredmedia":[{"embeddable":true,"href":"https:\/\/wheaton-produtos.htc.inf.br\/es\/wp-json\/wp\/v2\/media\/1171"}],"wp:attachment":[{"href":"https:\/\/wheaton-produtos.htc.inf.br\/es\/wp-json\/wp\/v2\/media?parent=5506"}],"wp:term":[{"taxonomy":"product_brand","embeddable":true,"href":"https:\/\/wheaton-produtos.htc.inf.br\/es\/wp-json\/wp\/v2\/product_brand?post=5506"},{"taxonomy":"product_cat","embeddable":true,"href":"https:\/\/wheaton-produtos.htc.inf.br\/es\/wp-json\/wp\/v2\/product_cat?post=5506"},{"taxonomy":"product_tag","embeddable":true,"href":"https:\/\/wheaton-produtos.htc.inf.br\/es\/wp-json\/wp\/v2\/product_tag?post=5506"}],"curies":[{"name":"wp","href":"https:\/\/api.w.org\/{rel}","templated":true}]}}