{"id":5422,"date":"2018-03-01T19:34:46","date_gmt":"2018-03-01T22:34:46","guid":{"rendered":"http:\/\/localhost\/wheaton-dev\/produto\/4924-plato-llano-gray\/"},"modified":"2021-09-21T23:53:09","modified_gmt":"2021-09-22T02:53:09","slug":"4924-plato-llano-gray","status":"publish","type":"product","link":"https:\/\/wheaton-produtos.htc.inf.br\/es\/producto\/4924-plato-llano-gray\/","title":{"rendered":"4924 &#8211; PLATO LLANO &#8211; GRAY"},"content":{"rendered":"","protected":false},"excerpt":{"rendered":"<p>La belleza de la naturaleza en piezas \u00fanicas &#8211; En l\u00ednea con las principales tendencias globales de decoraci\u00f3n, la l\u00ednea Petra se compone de platos en combinaciones \u00fanicas de colores. Cada pieza es \u00fanica y especial, formando patrones de belleza natural como las piedras de granito, m\u00e1rmol y cuarzo.<\/p>\n","protected":false},"featured_media":4154,"comment_status":"closed","ping_status":"open","template":"","meta":{"_acf_changed":false,"inline_featured_image":false},"product_brand":[],"product_cat":[209,194],"product_tag":[],"class_list":{"0":"post-5422","1":"product","2":"type-product","3":"status-publish","4":"has-post-thumbnail","6":"product_cat-petra-productos-para-el-hogar","7":"product_cat-productos-para-el-hogar","9":"first","10":"instock","11":"product-type-simple"},"acf":[],"_links":{"self":[{"href":"https:\/\/wheaton-produtos.htc.inf.br\/es\/wp-json\/wp\/v2\/product\/5422","targetHints":{"allow":["GET"]}}],"collection":[{"href":"https:\/\/wheaton-produtos.htc.inf.br\/es\/wp-json\/wp\/v2\/product"}],"about":[{"href":"https:\/\/wheaton-produtos.htc.inf.br\/es\/wp-json\/wp\/v2\/types\/product"}],"replies":[{"embeddable":true,"href":"https:\/\/wheaton-produtos.htc.inf.br\/es\/wp-json\/wp\/v2\/comments?post=5422"}],"wp:featuredmedia":[{"embeddable":true,"href":"https:\/\/wheaton-produtos.htc.inf.br\/es\/wp-json\/wp\/v2\/media\/4154"}],"wp:attachment":[{"href":"https:\/\/wheaton-produtos.htc.inf.br\/es\/wp-json\/wp\/v2\/media?parent=5422"}],"wp:term":[{"taxonomy":"product_brand","embeddable":true,"href":"https:\/\/wheaton-produtos.htc.inf.br\/es\/wp-json\/wp\/v2\/product_brand?post=5422"},{"taxonomy":"product_cat","embeddable":true,"href":"https:\/\/wheaton-produtos.htc.inf.br\/es\/wp-json\/wp\/v2\/product_cat?post=5422"},{"taxonomy":"product_tag","embeddable":true,"href":"https:\/\/wheaton-produtos.htc.inf.br\/es\/wp-json\/wp\/v2\/product_tag?post=5422"}],"curies":[{"name":"wp","href":"https:\/\/api.w.org\/{rel}","templated":true}]}}