{"id":5392,"date":"2018-03-01T19:34:08","date_gmt":"2018-03-01T22:34:08","guid":{"rendered":"http:\/\/localhost\/wheaton-dev\/produto\/0045-compotera-pequena\/"},"modified":"2021-09-21T23:52:58","modified_gmt":"2021-09-22T02:52:58","slug":"0045-compotera-pequena","status":"publish","type":"product","link":"https:\/\/wheaton-produtos.htc.inf.br\/es\/producto\/0045-compotera-pequena\/","title":{"rendered":"0045 &#8211; COMPOTERA PEQUENA"},"content":{"rendered":"","protected":false},"excerpt":{"rendered":"<p>Una l\u00ednea tradicional con un dise\u00f1o contempor\u00e1neo. Para ocasiones formales o informales.<\/p>\n","protected":false},"featured_media":2851,"comment_status":"closed","ping_status":"open","template":"","meta":{"_acf_changed":false,"inline_featured_image":false},"product_brand":[],"product_cat":[206,194],"product_tag":[],"class_list":{"0":"post-5392","1":"product","2":"type-product","3":"status-publish","4":"has-post-thumbnail","6":"product_cat-emotions-productos-para-el-hogar","7":"product_cat-productos-para-el-hogar","9":"first","10":"instock","11":"product-type-simple"},"acf":[],"_links":{"self":[{"href":"https:\/\/wheaton-produtos.htc.inf.br\/es\/wp-json\/wp\/v2\/product\/5392","targetHints":{"allow":["GET"]}}],"collection":[{"href":"https:\/\/wheaton-produtos.htc.inf.br\/es\/wp-json\/wp\/v2\/product"}],"about":[{"href":"https:\/\/wheaton-produtos.htc.inf.br\/es\/wp-json\/wp\/v2\/types\/product"}],"replies":[{"embeddable":true,"href":"https:\/\/wheaton-produtos.htc.inf.br\/es\/wp-json\/wp\/v2\/comments?post=5392"}],"wp:featuredmedia":[{"embeddable":true,"href":"https:\/\/wheaton-produtos.htc.inf.br\/es\/wp-json\/wp\/v2\/media\/2851"}],"wp:attachment":[{"href":"https:\/\/wheaton-produtos.htc.inf.br\/es\/wp-json\/wp\/v2\/media?parent=5392"}],"wp:term":[{"taxonomy":"product_brand","embeddable":true,"href":"https:\/\/wheaton-produtos.htc.inf.br\/es\/wp-json\/wp\/v2\/product_brand?post=5392"},{"taxonomy":"product_cat","embeddable":true,"href":"https:\/\/wheaton-produtos.htc.inf.br\/es\/wp-json\/wp\/v2\/product_cat?post=5392"},{"taxonomy":"product_tag","embeddable":true,"href":"https:\/\/wheaton-produtos.htc.inf.br\/es\/wp-json\/wp\/v2\/product_tag?post=5392"}],"curies":[{"name":"wp","href":"https:\/\/api.w.org\/{rel}","templated":true}]}}