{"id":5361,"date":"2018-03-01T19:34:08","date_gmt":"2018-03-01T22:34:08","guid":{"rendered":"http:\/\/localhost\/wheaton-dev\/produto\/4783-juego-de-3-tazas-para-cappuccino-fun-cafe\/"},"modified":"2021-09-21T23:52:45","modified_gmt":"2021-09-22T02:52:45","slug":"4783-juego-de-3-tazas-para-cappuccino-fun-cafe","status":"publish","type":"product","link":"https:\/\/wheaton-produtos.htc.inf.br\/es\/producto\/4783-juego-de-3-tazas-para-cappuccino-fun-cafe\/","title":{"rendered":"4783 &#8211; JUEGO DE 3 TAZAS PARA CAPPUCCINO FUN CAFE"},"content":{"rendered":"","protected":false},"excerpt":{"rendered":"<p>Una pausa divertida e n su dia &#8211;  Las tazas est\u00e1n pintadas con un pigmento termocr\u00f3mico, que cambia de color con el l\u00edquido calienio. \u00a1El resultado es fant\u00e1stico y muy divertido!<\/p>\n","protected":false},"featured_media":3409,"comment_status":"closed","ping_status":"open","template":"","meta":{"_acf_changed":false,"inline_featured_image":false},"product_brand":[],"product_cat":[204,194],"product_tag":[],"class_list":{"0":"post-5361","1":"product","2":"type-product","3":"status-publish","4":"has-post-thumbnail","6":"product_cat-conjuntos-productos-para-el-hogar","7":"product_cat-productos-para-el-hogar","9":"first","10":"instock","11":"product-type-simple"},"acf":[],"_links":{"self":[{"href":"https:\/\/wheaton-produtos.htc.inf.br\/es\/wp-json\/wp\/v2\/product\/5361","targetHints":{"allow":["GET"]}}],"collection":[{"href":"https:\/\/wheaton-produtos.htc.inf.br\/es\/wp-json\/wp\/v2\/product"}],"about":[{"href":"https:\/\/wheaton-produtos.htc.inf.br\/es\/wp-json\/wp\/v2\/types\/product"}],"replies":[{"embeddable":true,"href":"https:\/\/wheaton-produtos.htc.inf.br\/es\/wp-json\/wp\/v2\/comments?post=5361"}],"wp:featuredmedia":[{"embeddable":true,"href":"https:\/\/wheaton-produtos.htc.inf.br\/es\/wp-json\/wp\/v2\/media\/3409"}],"wp:attachment":[{"href":"https:\/\/wheaton-produtos.htc.inf.br\/es\/wp-json\/wp\/v2\/media?parent=5361"}],"wp:term":[{"taxonomy":"product_brand","embeddable":true,"href":"https:\/\/wheaton-produtos.htc.inf.br\/es\/wp-json\/wp\/v2\/product_brand?post=5361"},{"taxonomy":"product_cat","embeddable":true,"href":"https:\/\/wheaton-produtos.htc.inf.br\/es\/wp-json\/wp\/v2\/product_cat?post=5361"},{"taxonomy":"product_tag","embeddable":true,"href":"https:\/\/wheaton-produtos.htc.inf.br\/es\/wp-json\/wp\/v2\/product_tag?post=5361"}],"curies":[{"name":"wp","href":"https:\/\/api.w.org\/{rel}","templated":true}]}}