{"id":5359,"date":"2017-05-16T22:36:26","date_gmt":"2017-04-28T21:17:09","guid":{"rendered":"http:\/\/localhost\/wheaton-dev\/produto\/4782-juego-de-tazas-de-cafe-fun-cafe-%c2%96-6-piezas\/"},"modified":"2021-09-21T23:52:45","modified_gmt":"2021-09-22T02:52:45","slug":"4782-juego-de-tazas-de-cafe-fun-cafe-%c2%96-6-piezas","status":"publish","type":"product","link":"https:\/\/wheaton-produtos.htc.inf.br\/es\/producto\/4782-juego-de-tazas-de-cafe-fun-cafe-%c2%96-6-piezas\/","title":{"rendered":"4782 &#8211; JUEGO DE TAZAS DE CAFE FUN CAFE \u0096 6 PIEZAS"},"content":{"rendered":"","protected":false},"excerpt":{"rendered":"<p>Una pausa divertida e n su dia &#8211;  Las tazas est\u00e1n pintadas con un pigmento termocr\u00f3mico, que cambia de color con el l\u00edquido calienio. \u00a1El resultado es fant\u00e1stico y muy divertido!<\/p>\n","protected":false},"featured_media":3390,"comment_status":"closed","ping_status":"closed","template":"","meta":{"_acf_changed":false,"inline_featured_image":false},"product_brand":[],"product_cat":[204,194],"product_tag":[],"class_list":{"0":"post-5359","1":"product","2":"type-product","3":"status-publish","4":"has-post-thumbnail","6":"product_cat-conjuntos-productos-para-el-hogar","7":"product_cat-productos-para-el-hogar","9":"first","10":"outofstock","11":"product-type-simple"},"acf":[],"_links":{"self":[{"href":"https:\/\/wheaton-produtos.htc.inf.br\/es\/wp-json\/wp\/v2\/product\/5359","targetHints":{"allow":["GET"]}}],"collection":[{"href":"https:\/\/wheaton-produtos.htc.inf.br\/es\/wp-json\/wp\/v2\/product"}],"about":[{"href":"https:\/\/wheaton-produtos.htc.inf.br\/es\/wp-json\/wp\/v2\/types\/product"}],"replies":[{"embeddable":true,"href":"https:\/\/wheaton-produtos.htc.inf.br\/es\/wp-json\/wp\/v2\/comments?post=5359"}],"wp:featuredmedia":[{"embeddable":true,"href":"https:\/\/wheaton-produtos.htc.inf.br\/es\/wp-json\/wp\/v2\/media\/3390"}],"wp:attachment":[{"href":"https:\/\/wheaton-produtos.htc.inf.br\/es\/wp-json\/wp\/v2\/media?parent=5359"}],"wp:term":[{"taxonomy":"product_brand","embeddable":true,"href":"https:\/\/wheaton-produtos.htc.inf.br\/es\/wp-json\/wp\/v2\/product_brand?post=5359"},{"taxonomy":"product_cat","embeddable":true,"href":"https:\/\/wheaton-produtos.htc.inf.br\/es\/wp-json\/wp\/v2\/product_cat?post=5359"},{"taxonomy":"product_tag","embeddable":true,"href":"https:\/\/wheaton-produtos.htc.inf.br\/es\/wp-json\/wp\/v2\/product_tag?post=5359"}],"curies":[{"name":"wp","href":"https:\/\/api.w.org\/{rel}","templated":true}]}}