{"id":5348,"date":"2017-04-28T18:16:53","date_gmt":"2017-04-28T21:16:53","guid":{"rendered":"http:\/\/localhost\/wheaton-dev\/produto\/5024-compotera-para-cereal-rojo\/"},"modified":"2021-09-21T23:52:41","modified_gmt":"2021-09-22T02:52:41","slug":"5024-compotera-para-cereal-rojo","status":"publish","type":"product","link":"https:\/\/wheaton-produtos.htc.inf.br\/es\/producto\/5024-compotera-para-cereal-rojo\/","title":{"rendered":"5024 &#8211; COMPOTERA PARA CEREAL ROJO"},"content":{"rendered":"","protected":false},"excerpt":{"rendered":"<p>Moderno, b\u00e1sico y colorido &#8211; Ideal para todos los d\u00edas y ocasiones especiales. \u00bfQu\u00e9 te parece componer una mesa con  los productos Confetti de colores diferentes, o coordinarlos con los platos y tazas de l\u00ednea Lumini, el audaz dise\u00f1o de la l\u00ednea Petra o los tonos de la l\u00ednea Unique?<\/p>\n","protected":false},"featured_media":2947,"comment_status":"closed","ping_status":"open","template":"","meta":{"_acf_changed":false,"inline_featured_image":false},"product_brand":[],"product_cat":[203,194],"product_tag":[],"class_list":{"0":"post-5348","1":"product","2":"type-product","3":"status-publish","4":"has-post-thumbnail","6":"product_cat-confetti-productos-para-el-hogar","7":"product_cat-productos-para-el-hogar","9":"first","10":"instock","11":"product-type-simple"},"acf":[],"_links":{"self":[{"href":"https:\/\/wheaton-produtos.htc.inf.br\/es\/wp-json\/wp\/v2\/product\/5348","targetHints":{"allow":["GET"]}}],"collection":[{"href":"https:\/\/wheaton-produtos.htc.inf.br\/es\/wp-json\/wp\/v2\/product"}],"about":[{"href":"https:\/\/wheaton-produtos.htc.inf.br\/es\/wp-json\/wp\/v2\/types\/product"}],"replies":[{"embeddable":true,"href":"https:\/\/wheaton-produtos.htc.inf.br\/es\/wp-json\/wp\/v2\/comments?post=5348"}],"wp:featuredmedia":[{"embeddable":true,"href":"https:\/\/wheaton-produtos.htc.inf.br\/es\/wp-json\/wp\/v2\/media\/2947"}],"wp:attachment":[{"href":"https:\/\/wheaton-produtos.htc.inf.br\/es\/wp-json\/wp\/v2\/media?parent=5348"}],"wp:term":[{"taxonomy":"product_brand","embeddable":true,"href":"https:\/\/wheaton-produtos.htc.inf.br\/es\/wp-json\/wp\/v2\/product_brand?post=5348"},{"taxonomy":"product_cat","embeddable":true,"href":"https:\/\/wheaton-produtos.htc.inf.br\/es\/wp-json\/wp\/v2\/product_cat?post=5348"},{"taxonomy":"product_tag","embeddable":true,"href":"https:\/\/wheaton-produtos.htc.inf.br\/es\/wp-json\/wp\/v2\/product_tag?post=5348"}],"curies":[{"name":"wp","href":"https:\/\/api.w.org\/{rel}","templated":true}]}}