{"id":5334,"date":"2018-03-01T18:53:56","date_gmt":"2018-03-01T22:34:08","guid":{"rendered":"http:\/\/localhost\/wheaton-dev\/produto\/4921-juego-de-mini-vasos-baviera-neon-3-piezas\/"},"modified":"2021-09-21T23:52:36","modified_gmt":"2021-09-22T02:52:36","slug":"4921-juego-de-mini-vasos-baviera-neon-3-piezas","status":"publish","type":"product","link":"https:\/\/wheaton-produtos.htc.inf.br\/es\/producto\/4921-juego-de-mini-vasos-baviera-neon-3-piezas\/","title":{"rendered":"4921 &#8211; JUEGO DE MINI VASOS BAVIERA NEON &#8211; 3 PIEZAS"},"content":{"rendered":"","protected":false},"excerpt":{"rendered":"<p>Happy Hour hay que ser divertido &#8211; con los nuevos vasos Baviera Neon, las fiestas y happy hours son a\u00fan m\u00e1s divertidos. Sus colores de ne\u00f3n vibrantes hacen los vasos m\u00e1s modernos y originales, as\u00ed como las tendencias en colores y decoraci\u00f3n. Combine su creatividad con estos vasos vers\u00e1tiles y divertidos para servir una cerveza fr\u00eda o un delicioso drink.<\/p>\n","protected":false},"featured_media":4079,"comment_status":"closed","ping_status":"closed","template":"","meta":{"_acf_changed":false,"inline_featured_image":false},"product_brand":[],"product_cat":[201,194],"product_tag":[],"class_list":{"0":"post-5334","1":"product","2":"type-product","3":"status-publish","4":"has-post-thumbnail","6":"product_cat-chopp-productos-para-el-hogar","7":"product_cat-productos-para-el-hogar","9":"first","10":"outofstock","11":"product-type-simple"},"acf":[],"_links":{"self":[{"href":"https:\/\/wheaton-produtos.htc.inf.br\/es\/wp-json\/wp\/v2\/product\/5334","targetHints":{"allow":["GET"]}}],"collection":[{"href":"https:\/\/wheaton-produtos.htc.inf.br\/es\/wp-json\/wp\/v2\/product"}],"about":[{"href":"https:\/\/wheaton-produtos.htc.inf.br\/es\/wp-json\/wp\/v2\/types\/product"}],"replies":[{"embeddable":true,"href":"https:\/\/wheaton-produtos.htc.inf.br\/es\/wp-json\/wp\/v2\/comments?post=5334"}],"wp:featuredmedia":[{"embeddable":true,"href":"https:\/\/wheaton-produtos.htc.inf.br\/es\/wp-json\/wp\/v2\/media\/4079"}],"wp:attachment":[{"href":"https:\/\/wheaton-produtos.htc.inf.br\/es\/wp-json\/wp\/v2\/media?parent=5334"}],"wp:term":[{"taxonomy":"product_brand","embeddable":true,"href":"https:\/\/wheaton-produtos.htc.inf.br\/es\/wp-json\/wp\/v2\/product_brand?post=5334"},{"taxonomy":"product_cat","embeddable":true,"href":"https:\/\/wheaton-produtos.htc.inf.br\/es\/wp-json\/wp\/v2\/product_cat?post=5334"},{"taxonomy":"product_tag","embeddable":true,"href":"https:\/\/wheaton-produtos.htc.inf.br\/es\/wp-json\/wp\/v2\/product_tag?post=5334"}],"curies":[{"name":"wp","href":"https:\/\/api.w.org\/{rel}","templated":true}]}}