{"id":5310,"date":"2018-03-01T19:33:27","date_gmt":"2018-03-01T22:33:27","guid":{"rendered":"http:\/\/localhost\/wheaton-dev\/produto\/4917-juego-de-tazas-para-cerveza-happy-hour-2-piezas\/"},"modified":"2021-09-21T23:52:25","modified_gmt":"2021-09-22T02:52:25","slug":"4917-juego-de-tazas-para-cerveza-happy-hour-2-piezas","status":"publish","type":"product","link":"https:\/\/wheaton-produtos.htc.inf.br\/es\/producto\/4917-juego-de-tazas-para-cerveza-happy-hour-2-piezas\/","title":{"rendered":"4917 &#8211; JUEGO DE TAZAS PARA CERVEZA HAPPY HOUR &#8211; 2 PIEZAS"},"content":{"rendered":"","protected":false},"excerpt":{"rendered":"<p>Es tiempo para relajarse &#8211; Dise\u00f1ado especialmente para los amantes de la cerveza, la nueva taza Happy Hour est\u00e1 decorada con un pigmento termocr\u00f3mico que cambia de color con el l\u00edquido fr\u00edo. En la barbacoa, en el happy hour con los amigos o con la familia reunida, no se preocupe: \u00a1la taza le avisa si la cerveza est\u00e1 fr\u00eda! El producto se presenta en un envase especial con la pr\u00e1ctica asa para el transporte. No tire em la basura! Utilizalo para llevar a sus tazas con usted em todos los momentos especiales!<\/p>\n","protected":false},"featured_media":4063,"comment_status":"closed","ping_status":"open","template":"","meta":{"_acf_changed":false,"inline_featured_image":false},"product_brand":[],"product_cat":[199,194],"product_tag":[],"class_list":{"0":"post-5310","1":"product","2":"type-product","3":"status-publish","4":"has-post-thumbnail","6":"product_cat-canecas-productos-para-el-hogar","7":"product_cat-productos-para-el-hogar","9":"first","10":"instock","11":"product-type-simple"},"acf":[],"_links":{"self":[{"href":"https:\/\/wheaton-produtos.htc.inf.br\/es\/wp-json\/wp\/v2\/product\/5310","targetHints":{"allow":["GET"]}}],"collection":[{"href":"https:\/\/wheaton-produtos.htc.inf.br\/es\/wp-json\/wp\/v2\/product"}],"about":[{"href":"https:\/\/wheaton-produtos.htc.inf.br\/es\/wp-json\/wp\/v2\/types\/product"}],"replies":[{"embeddable":true,"href":"https:\/\/wheaton-produtos.htc.inf.br\/es\/wp-json\/wp\/v2\/comments?post=5310"}],"wp:featuredmedia":[{"embeddable":true,"href":"https:\/\/wheaton-produtos.htc.inf.br\/es\/wp-json\/wp\/v2\/media\/4063"}],"wp:attachment":[{"href":"https:\/\/wheaton-produtos.htc.inf.br\/es\/wp-json\/wp\/v2\/media?parent=5310"}],"wp:term":[{"taxonomy":"product_brand","embeddable":true,"href":"https:\/\/wheaton-produtos.htc.inf.br\/es\/wp-json\/wp\/v2\/product_brand?post=5310"},{"taxonomy":"product_cat","embeddable":true,"href":"https:\/\/wheaton-produtos.htc.inf.br\/es\/wp-json\/wp\/v2\/product_cat?post=5310"},{"taxonomy":"product_tag","embeddable":true,"href":"https:\/\/wheaton-produtos.htc.inf.br\/es\/wp-json\/wp\/v2\/product_tag?post=5310"}],"curies":[{"name":"wp","href":"https:\/\/api.w.org\/{rel}","templated":true}]}}