{"id":5304,"date":"2018-03-01T19:33:27","date_gmt":"2018-03-01T22:33:27","guid":{"rendered":"http:\/\/localhost\/wheaton-dev\/produto\/0057-juego-de-vasos-multiuso-rio-de-janeiro\/"},"modified":"2021-09-21T23:52:22","modified_gmt":"2021-09-22T02:52:22","slug":"0057-juego-de-vasos-multiuso-rio-de-janeiro","status":"publish","type":"product","link":"https:\/\/wheaton-produtos.htc.inf.br\/es\/producto\/0057-juego-de-vasos-multiuso-rio-de-janeiro\/","title":{"rendered":"0057 &#8211; JUEGO DE VASOS MULTIUSO RIO DE JANEIRO"},"content":{"rendered":"","protected":false},"excerpt":{"rendered":"<p>B\u00e1sica y vers\u00e1til para el d\u00eda a d\u00eda.<\/p>\n","protected":false},"featured_media":2698,"comment_status":"closed","ping_status":"open","template":"","meta":{"_acf_changed":false,"inline_featured_image":false},"product_brand":[],"product_cat":[198,194],"product_tag":[],"class_list":{"0":"post-5304","1":"product","2":"type-product","3":"status-publish","4":"has-post-thumbnail","6":"product_cat-brasil-productos-para-el-hogar","7":"product_cat-productos-para-el-hogar","9":"first","10":"instock","11":"product-type-simple"},"acf":[],"_links":{"self":[{"href":"https:\/\/wheaton-produtos.htc.inf.br\/es\/wp-json\/wp\/v2\/product\/5304","targetHints":{"allow":["GET"]}}],"collection":[{"href":"https:\/\/wheaton-produtos.htc.inf.br\/es\/wp-json\/wp\/v2\/product"}],"about":[{"href":"https:\/\/wheaton-produtos.htc.inf.br\/es\/wp-json\/wp\/v2\/types\/product"}],"replies":[{"embeddable":true,"href":"https:\/\/wheaton-produtos.htc.inf.br\/es\/wp-json\/wp\/v2\/comments?post=5304"}],"wp:featuredmedia":[{"embeddable":true,"href":"https:\/\/wheaton-produtos.htc.inf.br\/es\/wp-json\/wp\/v2\/media\/2698"}],"wp:attachment":[{"href":"https:\/\/wheaton-produtos.htc.inf.br\/es\/wp-json\/wp\/v2\/media?parent=5304"}],"wp:term":[{"taxonomy":"product_brand","embeddable":true,"href":"https:\/\/wheaton-produtos.htc.inf.br\/es\/wp-json\/wp\/v2\/product_brand?post=5304"},{"taxonomy":"product_cat","embeddable":true,"href":"https:\/\/wheaton-produtos.htc.inf.br\/es\/wp-json\/wp\/v2\/product_cat?post=5304"},{"taxonomy":"product_tag","embeddable":true,"href":"https:\/\/wheaton-produtos.htc.inf.br\/es\/wp-json\/wp\/v2\/product_tag?post=5304"}],"curies":[{"name":"wp","href":"https:\/\/api.w.org\/{rel}","templated":true}]}}