{"id":5272,"date":"2018-03-01T18:53:14","date_gmt":"2018-03-01T22:33:27","guid":{"rendered":"http:\/\/localhost\/wheaton-dev\/produto\/3373-juego-de-vasos-aperitivos-4-piezas\/"},"modified":"2021-09-21T23:52:10","modified_gmt":"2021-09-22T02:52:10","slug":"3373-juego-de-vasos-aperitivos-4-piezas","status":"publish","type":"product","link":"https:\/\/wheaton-produtos.htc.inf.br\/es\/producto\/3373-juego-de-vasos-aperitivos-4-piezas\/","title":{"rendered":"3373 &#8211; JUEGO DE VASOS APERITIVOS 4 PIEZAS"},"content":{"rendered":"","protected":false},"excerpt":{"rendered":"<p>Cl\u00e1sico y vers\u00e1til &#8211; Para cada ocasi\u00f3n, un vaso que combina el brillo del vidrio y la versatilidad de la l\u00ednea Barroco y su dise\u00f1o \u00abbico de jaca.\u00bb Vasos que van a la mesa y a reuniones con amigos.<\/p>\n","protected":false},"featured_media":10306,"comment_status":"closed","ping_status":"closed","template":"","meta":{"_acf_changed":false,"inline_featured_image":false},"product_brand":[],"product_cat":[197,194],"product_tag":[],"class_list":{"0":"post-5272","1":"product","2":"type-product","3":"status-publish","4":"has-post-thumbnail","6":"product_cat-barroco-productos-para-el-hogar","7":"product_cat-productos-para-el-hogar","9":"first","10":"instock","11":"product-type-simple"},"acf":[],"_links":{"self":[{"href":"https:\/\/wheaton-produtos.htc.inf.br\/es\/wp-json\/wp\/v2\/product\/5272","targetHints":{"allow":["GET"]}}],"collection":[{"href":"https:\/\/wheaton-produtos.htc.inf.br\/es\/wp-json\/wp\/v2\/product"}],"about":[{"href":"https:\/\/wheaton-produtos.htc.inf.br\/es\/wp-json\/wp\/v2\/types\/product"}],"replies":[{"embeddable":true,"href":"https:\/\/wheaton-produtos.htc.inf.br\/es\/wp-json\/wp\/v2\/comments?post=5272"}],"wp:featuredmedia":[{"embeddable":true,"href":"https:\/\/wheaton-produtos.htc.inf.br\/es\/wp-json\/wp\/v2\/media\/10306"}],"wp:attachment":[{"href":"https:\/\/wheaton-produtos.htc.inf.br\/es\/wp-json\/wp\/v2\/media?parent=5272"}],"wp:term":[{"taxonomy":"product_brand","embeddable":true,"href":"https:\/\/wheaton-produtos.htc.inf.br\/es\/wp-json\/wp\/v2\/product_brand?post=5272"},{"taxonomy":"product_cat","embeddable":true,"href":"https:\/\/wheaton-produtos.htc.inf.br\/es\/wp-json\/wp\/v2\/product_cat?post=5272"},{"taxonomy":"product_tag","embeddable":true,"href":"https:\/\/wheaton-produtos.htc.inf.br\/es\/wp-json\/wp\/v2\/product_tag?post=5272"}],"curies":[{"name":"wp","href":"https:\/\/api.w.org\/{rel}","templated":true}]}}