{"id":10368,"date":"2023-05-17T16:08:01","date_gmt":"2023-05-17T19:08:01","guid":{"rendered":"https:\/\/wheaton-2023.htc.inf.br\/produto\/5256-mini-vaso-para-cerveza-pink-y-violeta\/"},"modified":"2023-05-23T14:11:19","modified_gmt":"2023-05-23T17:11:19","slug":"5256-mini-vaso-para-cerveza-pink-y-violeta","status":"publish","type":"product","link":"https:\/\/wheaton-produtos.htc.inf.br\/es\/producto\/5256-mini-vaso-para-cerveza-pink-y-violeta\/","title":{"rendered":"5256- MINI VASO PARA CERVEZA &#8211; PINK Y VIOLETA"},"content":{"rendered":"","protected":false},"excerpt":{"rendered":"<p>El mundo digital invade el mundo real &#8211; Siguiendo las principales tendencias en moda y decoraci\u00f3n, la l\u00ednea cuenta con vasos decorados en vibrantes colores ne\u00f3n degradados, en combinaciones atrevidas, futuristas y divertidas.<\/p>\n","protected":false},"featured_media":10358,"comment_status":"closed","ping_status":"closed","template":"","meta":{"_acf_changed":false,"inline_featured_image":false},"product_brand":[],"product_cat":[201,194],"product_tag":[],"class_list":{"0":"post-10368","1":"product","2":"type-product","3":"status-publish","4":"has-post-thumbnail","6":"product_cat-chopp-productos-para-el-hogar","7":"product_cat-productos-para-el-hogar","9":"first","10":"instock","11":"product-type-simple"},"acf":[],"_links":{"self":[{"href":"https:\/\/wheaton-produtos.htc.inf.br\/es\/wp-json\/wp\/v2\/product\/10368","targetHints":{"allow":["GET"]}}],"collection":[{"href":"https:\/\/wheaton-produtos.htc.inf.br\/es\/wp-json\/wp\/v2\/product"}],"about":[{"href":"https:\/\/wheaton-produtos.htc.inf.br\/es\/wp-json\/wp\/v2\/types\/product"}],"replies":[{"embeddable":true,"href":"https:\/\/wheaton-produtos.htc.inf.br\/es\/wp-json\/wp\/v2\/comments?post=10368"}],"wp:featuredmedia":[{"embeddable":true,"href":"https:\/\/wheaton-produtos.htc.inf.br\/es\/wp-json\/wp\/v2\/media\/10358"}],"wp:attachment":[{"href":"https:\/\/wheaton-produtos.htc.inf.br\/es\/wp-json\/wp\/v2\/media?parent=10368"}],"wp:term":[{"taxonomy":"product_brand","embeddable":true,"href":"https:\/\/wheaton-produtos.htc.inf.br\/es\/wp-json\/wp\/v2\/product_brand?post=10368"},{"taxonomy":"product_cat","embeddable":true,"href":"https:\/\/wheaton-produtos.htc.inf.br\/es\/wp-json\/wp\/v2\/product_cat?post=10368"},{"taxonomy":"product_tag","embeddable":true,"href":"https:\/\/wheaton-produtos.htc.inf.br\/es\/wp-json\/wp\/v2\/product_tag?post=10368"}],"curies":[{"name":"wp","href":"https:\/\/api.w.org\/{rel}","templated":true}]}}