{"id":10364,"date":"2023-05-17T15:57:25","date_gmt":"2023-05-17T18:57:25","guid":{"rendered":"https:\/\/wheaton-2023.htc.inf.br\/produto\/5255-copo-neon-azul-e-verde\/"},"modified":"2023-05-23T14:10:32","modified_gmt":"2023-05-23T17:10:32","slug":"mini-vaso-para-cerveza-azul-y-verde","status":"publish","type":"product","link":"https:\/\/wheaton-produtos.htc.inf.br\/es\/producto\/mini-vaso-para-cerveza-azul-y-verde\/","title":{"rendered":"5255 &#8211; MINI VASO PARA CERVEZA &#8211; AZUL Y VERDE"},"content":{"rendered":"","protected":false},"excerpt":{"rendered":"<p>El mundo digital invade el mundo real &#8211; Siguiendo las principales tendencias en moda y decoraci\u00f3n, la l\u00ednea cuenta con vasos decorados en vibrantes colores ne\u00f3n degradados, en combinaciones atrevidas, futuristas y divertidas.<\/p>\n","protected":false},"featured_media":10355,"comment_status":"closed","ping_status":"closed","template":"","meta":{"_acf_changed":false,"inline_featured_image":false},"product_brand":[],"product_cat":[201,194],"product_tag":[],"class_list":{"0":"post-10364","1":"product","2":"type-product","3":"status-publish","4":"has-post-thumbnail","6":"product_cat-chopp-productos-para-el-hogar","7":"product_cat-productos-para-el-hogar","9":"first","10":"instock","11":"product-type-simple"},"acf":[],"_links":{"self":[{"href":"https:\/\/wheaton-produtos.htc.inf.br\/es\/wp-json\/wp\/v2\/product\/10364","targetHints":{"allow":["GET"]}}],"collection":[{"href":"https:\/\/wheaton-produtos.htc.inf.br\/es\/wp-json\/wp\/v2\/product"}],"about":[{"href":"https:\/\/wheaton-produtos.htc.inf.br\/es\/wp-json\/wp\/v2\/types\/product"}],"replies":[{"embeddable":true,"href":"https:\/\/wheaton-produtos.htc.inf.br\/es\/wp-json\/wp\/v2\/comments?post=10364"}],"wp:featuredmedia":[{"embeddable":true,"href":"https:\/\/wheaton-produtos.htc.inf.br\/es\/wp-json\/wp\/v2\/media\/10355"}],"wp:attachment":[{"href":"https:\/\/wheaton-produtos.htc.inf.br\/es\/wp-json\/wp\/v2\/media?parent=10364"}],"wp:term":[{"taxonomy":"product_brand","embeddable":true,"href":"https:\/\/wheaton-produtos.htc.inf.br\/es\/wp-json\/wp\/v2\/product_brand?post=10364"},{"taxonomy":"product_cat","embeddable":true,"href":"https:\/\/wheaton-produtos.htc.inf.br\/es\/wp-json\/wp\/v2\/product_cat?post=10364"},{"taxonomy":"product_tag","embeddable":true,"href":"https:\/\/wheaton-produtos.htc.inf.br\/es\/wp-json\/wp\/v2\/product_tag?post=10364"}],"curies":[{"name":"wp","href":"https:\/\/api.w.org\/{rel}","templated":true}]}}