{"id":10479,"date":"2021-11-23T15:23:17","date_gmt":"2021-11-23T18:23:17","guid":{"rendered":"https:\/\/wheaton-2023.htc.inf.br\/contacto\/loja-de-fabrica-wheaton\/"},"modified":"2021-11-23T15:23:17","modified_gmt":"2021-11-23T18:23:17","slug":"loja-de-fabrica-wheaton","status":"publish","type":"page","link":"https:\/\/wheaton-produtos.htc.inf.br\/es\/contacto\/loja-de-fabrica-wheaton\/","title":{"rendered":"Loja de F\u00e1brica Wheaton"},"content":{"rendered":"<h4 class=\"wp-block-heading\">Loja de Fabrica Wheaton \u2013 Utilidades Dom\u00e9sticas em Vidro<\/h4><p>Av. \u00c1lvaro Guimar\u00e3es, 2502<br>S\u00e3o Bernardo do Campo &#8211; SP \u2013 Brasil<br>CEP: 09810\u2013010<br>Tel:\u00a0<a rel=\"noreferrer noopener\" href=\"tel:+551143551800\" target=\"_blank\">55 11 4355\u20131800<\/a><\/p><div class=\"wp-block-columns is-layout-flex wp-container-core-columns-is-layout-1 wp-block-columns-is-layout-flex\"><div class=\"wp-block-column is-layout-flow wp-block-column-is-layout-flow\"><p><strong>Contatos:<\/strong><br><a href=\"mailto:nossalojinha@wheaton.com.br\">nossalojinha@wheaton.com.br<\/a><br><strong>Fone:&nbsp;<\/strong>(11) 4355-1990 \/ 4355-1117<\/p>\n\n<div class=\"wp-block-image\"><figure class=\"alignleft\"><a href=\"https:\/\/api.whatsapp.com\/send?phone=5511941151270\" target=\"_blank\" rel=\"noreferrer noopener\"><img decoding=\"async\" src=\"https:\/\/cdn.wheaton.com.br\/wp-content\/uploads\/2011\/12\/whatsapp2.jpg\" alt=\"\" class=\"wp-image-11101\"\/><\/a><\/figure><\/div>\n\n<p><\/p>\n\n<p><a href=\"https:\/\/api.whatsapp.com\/send?phone=5511941151270\" target=\"_blank\" rel=\"noreferrer noopener\">(11)&nbsp;94115-1270<\/a><\/p>\n\n<p><\/p>\n\n<p><strong>Hor\u00e1rio de funcionamento:<\/strong><br>de segunda a sexta-feira, das 10h \u00e0s 16h30<br>consulte-nos sobre hor\u00e1rios de atendimento aos s\u00e1bados<\/p><\/div>\n\n<div class=\"wp-block-column is-layout-flow wp-block-column-is-layout-flow\"><p><strong>Endere\u00e7o:<\/strong><br>Avenida \u00c1lvaro Guimar\u00e3es, 2.502<br>Bairro Assun\u00e7\u00e3o \u2013 S\u00e3o Bernardo do Campo<\/p><\/div><\/div>","protected":false},"excerpt":{"rendered":"<p>Loja de Fabrica Wheaton \u2013 Utilidades Dom\u00e9sticas em Vidro Av. \u00c1lvaro Guimar\u00e3es, 2502S\u00e3o Bernardo do[&#8230;]<\/p>\n","protected":false},"author":4,"featured_media":0,"parent":10470,"menu_order":21,"comment_status":"closed","ping_status":"closed","template":"","meta":{"_acf_changed":false,"inline_featured_image":false,"footnotes":""},"class_list":["post-10479","page","type-page","status-publish","hentry"],"acf":[],"_links":{"self":[{"href":"https:\/\/wheaton-produtos.htc.inf.br\/es\/wp-json\/wp\/v2\/pages\/10479","targetHints":{"allow":["GET"]}}],"collection":[{"href":"https:\/\/wheaton-produtos.htc.inf.br\/es\/wp-json\/wp\/v2\/pages"}],"about":[{"href":"https:\/\/wheaton-produtos.htc.inf.br\/es\/wp-json\/wp\/v2\/types\/page"}],"author":[{"embeddable":true,"href":"https:\/\/wheaton-produtos.htc.inf.br\/es\/wp-json\/wp\/v2\/users\/4"}],"replies":[{"embeddable":true,"href":"https:\/\/wheaton-produtos.htc.inf.br\/es\/wp-json\/wp\/v2\/comments?post=10479"}],"version-history":[{"count":0,"href":"https:\/\/wheaton-produtos.htc.inf.br\/es\/wp-json\/wp\/v2\/pages\/10479\/revisions"}],"up":[{"embeddable":true,"href":"https:\/\/wheaton-produtos.htc.inf.br\/es\/wp-json\/wp\/v2\/pages\/10470"}],"wp:attachment":[{"href":"https:\/\/wheaton-produtos.htc.inf.br\/es\/wp-json\/wp\/v2\/media?parent=10479"}],"curies":[{"name":"wp","href":"https:\/\/api.w.org\/{rel}","templated":true}]}}