{"id":10476,"date":"2023-05-21T11:51:37","date_gmt":"2023-05-21T14:51:37","guid":{"rendered":"https:\/\/wheaton-2023.htc.inf.br\/contacto\/mapa-de-localizacao\/"},"modified":"2023-05-21T11:56:15","modified_gmt":"2023-05-21T14:56:15","slug":"mapa-de-localizacion","status":"publish","type":"page","link":"https:\/\/wheaton-produtos.htc.inf.br\/es\/contacto\/mapa-de-localizacion\/","title":{"rendered":"Mapa de Localizaci\u00f3n"},"content":{"rendered":"<p><strong>Grupo Wheaton Brasil<\/strong><\/p><p>Av. \u00c1lvaro Guimar\u00e3es, 2502<br>S\u00e3o Bernardo do Campo &#8211; SP \u2013 Brasil<br>CEP: 09810\u2013010<br>Tel: 55 11 4355\u20131800<\/p><p><img loading=\"lazy\" decoding=\"async\" width=\"16\" height=\"24\" class=\"wp-image-10053\" style=\"width: 16px;\" src=\"https:\/\/wheaton-2023.htc.inf.br\/wp-content\/uploads\/2023\/04\/pin-icon.png\" alt=\"pin icon\"> <a href=\"https:\/\/goo.gl\/maps\/agTCqPy1EHEfHAmG6\" target=\"_blank\" rel=\"noreferrer noopener\"><strong>Veja o mapa e trace sua rota<\/strong><\/a><strong><br><\/strong><\/p><p><strong>Como chegar:<\/strong><br>Via Anchieta sentido Santos.<br>Pegar a sa\u00edda 21-A, pr\u00f3ximo ao CENFORPE.<br>Manter-se \u00e0 direita na Rua Jos\u00e9 Odorizze.<br>Cruzar a Avenida Jos\u00e9 Odorizze, no sem\u00e1foro, e seguir a rua ao lado do muro da Scania at\u00e9 o final.<br>A entrada da Wheaton fica em frente ao posto policial, ao lado da Scania.<\/p><div class=\"wp-block-image\"><figure class=\"alignleft size-full is-resized\"><img loading=\"lazy\" decoding=\"async\" src=\"https:\/\/wheaton-2023.htc.inf.br\/wp-content\/uploads\/2023\/05\/mapa-wheaton.jpg\" alt=\"\" class=\"wp-image-10152\" width=\"434\" height=\"622\" srcset=\"https:\/\/wheaton-produtos.htc.inf.br\/wp-content\/uploads\/2023\/05\/mapa-wheaton.jpg 604w, https:\/\/wheaton-produtos.htc.inf.br\/wp-content\/uploads\/2023\/05\/mapa-wheaton-209x300.jpg 209w, https:\/\/wheaton-produtos.htc.inf.br\/wp-content\/uploads\/2023\/05\/mapa-wheaton-600x860.jpg 600w\" sizes=\"auto, (max-width: 434px) 100vw, 434px\" \/><\/figure><\/div>","protected":false},"excerpt":{"rendered":"<p>Grupo Wheaton Brasil Av. \u00c1lvaro Guimar\u00e3es, 2502S\u00e3o Bernardo do Campo &#8211; SP \u2013 BrasilCEP: 09810\u2013010Tel:[&#8230;]<\/p>\n","protected":false},"author":3,"featured_media":0,"parent":10470,"menu_order":25,"comment_status":"closed","ping_status":"closed","template":"","meta":{"_acf_changed":false,"inline_featured_image":false,"footnotes":""},"class_list":["post-10476","page","type-page","status-publish","hentry"],"acf":[],"_links":{"self":[{"href":"https:\/\/wheaton-produtos.htc.inf.br\/es\/wp-json\/wp\/v2\/pages\/10476","targetHints":{"allow":["GET"]}}],"collection":[{"href":"https:\/\/wheaton-produtos.htc.inf.br\/es\/wp-json\/wp\/v2\/pages"}],"about":[{"href":"https:\/\/wheaton-produtos.htc.inf.br\/es\/wp-json\/wp\/v2\/types\/page"}],"author":[{"embeddable":true,"href":"https:\/\/wheaton-produtos.htc.inf.br\/es\/wp-json\/wp\/v2\/users\/3"}],"replies":[{"embeddable":true,"href":"https:\/\/wheaton-produtos.htc.inf.br\/es\/wp-json\/wp\/v2\/comments?post=10476"}],"version-history":[{"count":0,"href":"https:\/\/wheaton-produtos.htc.inf.br\/es\/wp-json\/wp\/v2\/pages\/10476\/revisions"}],"up":[{"embeddable":true,"href":"https:\/\/wheaton-produtos.htc.inf.br\/es\/wp-json\/wp\/v2\/pages\/10470"}],"wp:attachment":[{"href":"https:\/\/wheaton-produtos.htc.inf.br\/es\/wp-json\/wp\/v2\/media?parent=10476"}],"curies":[{"name":"wp","href":"https:\/\/api.w.org\/{rel}","templated":true}]}}