{"id":10474,"date":"2021-11-23T15:50:50","date_gmt":"2021-11-23T18:50:50","guid":{"rendered":"https:\/\/wheaton-2023.htc.inf.br\/contact\/contact-us\/"},"modified":"2023-05-21T12:28:50","modified_gmt":"2023-05-21T15:28:50","slug":"hablanos","status":"publish","type":"page","link":"https:\/\/wheaton-produtos.htc.inf.br\/es\/contacto\/hablanos\/","title":{"rendered":"H\u00e1blanos"},"content":{"rendered":"<p>Puede contactar el Grupo Wheaton Brasil siempre que sea necesario, para hacer cumplidos, quejas o buscar informaciones sobre productos y servicios por tel\u00e9fono, llamando al (55 11) 4355-1888, por e-mail, Whatsapp, o llenando el siguiente formulario.<\/p><div class=\"wp-block-columns is-layout-flex wp-container-core-columns-is-layout-1 wp-block-columns-is-layout-flex\"><div class=\"wp-block-column is-layout-flow wp-block-column-is-layout-flow\"><h5 class=\"wp-block-heading\">Embalagens de Vidro<\/h5>\n\n<ul class=\"wp-block-list\"><li><a href=\"https:\/\/api.whatsapp.com\/send?phone=5511993936216&amp;text=Ol%C3%A1.%20Desejo%20mais%20informa%C3%A7%C3%B5es\" target=\"_blank\" rel=\"noreferrer noopener\">&nbsp;(11) 9 9393.6216 <img loading=\"lazy\" decoding=\"async\" width=\"16\" height=\"16\" class=\"wp-image-9666\" style=\"width: 16px;\" src=\"https:\/\/wheaton-2023.htc.inf.br\/wp-content\/uploads\/2023\/03\/whatsapp-icon-16-16.png\" alt=\"whatsapp icon\"><\/a> <\/li>\n\n<li><a href=\"mailto:&nbsp;vendas@wheaton.com.br\">vendas@wheaton.com.br<\/a><\/li><\/ul><\/div>\n\n<div class=\"wp-block-column is-layout-flow wp-block-column-is-layout-flow\"><h5 class=\"wp-block-heading\">Utilidades Dom\u00e9sticas<\/h5>\n\n<ul class=\"wp-block-list\"><li><a href=\"https:\/\/api.whatsapp.com\/send?phone=5511941314360&amp;text=Ol%C3%A1.%20Desejo%20mais%20informa%C3%A7%C3%B5es\" target=\"_blank\" rel=\"noreferrer noopener\">&nbsp;(11) 9 4131.4360 <img loading=\"lazy\" decoding=\"async\" width=\"16\" height=\"16\" class=\"wp-image-9666\" style=\"width: 16px;\" src=\"https:\/\/wheaton-2023.htc.inf.br\/wp-content\/uploads\/2023\/03\/whatsapp-icon-16-16.png\" alt=\"whatsapp icon\"><\/a><\/li>\n\n<li><a href=\"mailto:ud@wheaton.com.br\">&nbsp;ud@wheaton.com.br<\/a><\/li><\/ul><\/div>\n\n<div class=\"wp-block-column is-layout-flow wp-block-column-is-layout-flow\"><h5 class=\"wp-block-heading\">Export department\u00a0<\/h5>\n\n<ul class=\"wp-block-list\"><li><a href=\"tel:+551143551210\">&nbsp;(11) 4355-1<\/a>888<\/li>\n\n<li><a href=\"mailto: export@wheaton.com.br\"> export@wheaton.com.br<\/a><\/li><\/ul><\/div><\/div><div class=\"wp-block-columns is-layout-flex wp-container-core-columns-is-layout-2 wp-block-columns-is-layout-flex\"><div class=\"wp-block-column is-layout-flow wp-block-column-is-layout-flow\"><h5 class=\"wp-block-heading\">Assessoria de imprensa<\/h5>\n\n<ul class=\"wp-block-list\"><li>Comunica\u00e7\u00e3o conectada<\/li>\n\n<li><a href=\"https:\/\/api.whatsapp.com\/send?phone=5511998648524&amp;text=Ol%C3%A1.%20Desejo%20mais%20informa%C3%A7%C3%B5es%20sobre%20a%20wheaton\" target=\"_blank\" rel=\"noreferrer noopener\">&nbsp;(11) 9 9864 8524 <img loading=\"lazy\" decoding=\"async\" width=\"16\" height=\"16\" class=\"wp-image-9666\" style=\"width: 16px;\" src=\"https:\/\/wheaton-2023.htc.inf.br\/wp-content\/uploads\/2023\/03\/whatsapp-icon-16-16.png\" alt=\"whatsapp icon\"><\/a> <\/li>\n\n<li><a href=\"mailto:contato@comunicacaoconectada.com.br\">contato@comunicacaoconectada.com.br<\/a><\/li><\/ul><\/div>\n\n<div class=\"wp-block-column is-layout-flow wp-block-column-is-layout-flow\"><h5 class=\"wp-block-heading\">SAC \u2013 Utilidade Domestica<\/h5>\n\n<ul class=\"wp-block-list\"><li><a href=\"tel:+551143551185\">&nbsp;(11) 4355-1185<\/a><\/li>\n\n<li><a href=\"mailto:sac_ud@wheaton.com.br\"> sac_ud@wheaton.com.br<\/a><\/li><\/ul><\/div>\n\n<div class=\"wp-block-column is-layout-flow wp-block-column-is-layout-flow\"><h5 class=\"wp-block-heading\">Trabalhe conosco<\/h5>\n\n<ul class=\"wp-block-list\"><li><a href=\"https:\/\/wheaton.gupy.io\/\" target=\"_blank\" rel=\"noreferrer noopener\">https:\/\/wheaton.gupy.io\/<\/a><\/li><\/ul><\/div><\/div><p><\/p><h5 class=\"wp-block-heading\">Grupo Wheaton Brasil<\/h5><ul class=\"wp-block-list\"><li>Av. \u00c1lvaro Guimar\u00e3es, 2502 &#8211; S\u00e3o Bernardo do Campo &#8211; SP \u2013 Brasil CEP: 09810\u2013010<\/li>\n\n<li><a rel=\"noreferrer noopener\" href=\"tel:+551143551800\" target=\"_blank\">55 11 4355\u20131800<\/a><\/li><\/ul><p><em>* <em>servicio via Whatsapp desde lunes a viernes, de las 9h hasta las 16h<\/em><\/em><\/p><div class=\"wp-block-contact-form-7-contact-form-selector\">\n<div class=\"wpcf7 no-js\" id=\"wpcf7-f10162-o1\" lang=\"es-ES\" dir=\"ltr\" data-wpcf7-id=\"10162\">\n<div class=\"screen-reader-response\"><p role=\"status\" aria-live=\"polite\" aria-atomic=\"true\"><\/p> <ul><\/ul><\/div>\n<form action=\"\/es\/wp-json\/wp\/v2\/pages\/10474#wpcf7-f10162-o1\" method=\"post\" class=\"wpcf7-form init\" aria-label=\"Formulario de contacto\" novalidate=\"novalidate\" data-status=\"init\">\n<div style=\"display: none;\">\n<input type=\"hidden\" name=\"_wpcf7\" value=\"10162\" \/>\n<input type=\"hidden\" name=\"_wpcf7_version\" value=\"6.0.3\" \/>\n<input type=\"hidden\" name=\"_wpcf7_locale\" value=\"es_ES\" \/>\n<input type=\"hidden\" name=\"_wpcf7_unit_tag\" value=\"wpcf7-f10162-o1\" \/>\n<input type=\"hidden\" name=\"_wpcf7_container_post\" value=\"0\" \/>\n<input type=\"hidden\" name=\"_wpcf7_posted_data_hash\" value=\"\" \/>\n<\/div>\n<div class=\"form-container\">\n<div class=\"row justify-center\">\n<div class=\"col-12 col-md-12 text-center\">\n<div class=\"wpcf7-response-output\" aria-hidden=\"true\"><\/div>\n <\/div>\n              <div class=\"col-12 col-md-6\">\n                <div class=\"form-group\">\n                  <label class=\"control-label\">Nombre: *<\/label>\n                  <span class=\"wpcf7-form-control-wrap\" data-name=\"nome\"><input size=\"40\" maxlength=\"400\" class=\"wpcf7-form-control wpcf7-text wpcf7-validates-as-required\" aria-required=\"true\" aria-invalid=\"false\" value=\"\" type=\"text\" name=\"nome\" \/><\/span>\n                <\/div>\n              <\/div>\n              <div class=\"col-12 col-md-6\">\n                <div class=\"form-group\">\n                  <label for=\"input\" class=\"control-label\">Email: *<\/label>\n                  <span class=\"wpcf7-form-control-wrap\" data-name=\"email\"><input size=\"40\" maxlength=\"400\" class=\"wpcf7-form-control wpcf7-email wpcf7-validates-as-required wpcf7-text wpcf7-validates-as-email\" aria-required=\"true\" aria-invalid=\"false\" value=\"\" type=\"email\" name=\"email\" \/><\/span>\n                <\/div>\n              <\/div>\n              <div class=\"col-12 col-md-6\">\n                <div class=\"form-group\">\n                  <label for=\"input\" class=\"control-label\">Telef\u00f3no: *<\/label>\n                  <span class=\"wpcf7-form-control-wrap\" data-name=\"fone\"><input size=\"40\" maxlength=\"400\" class=\"wpcf7-form-control wpcf7-tel wpcf7-validates-as-required wpcf7-text wpcf7-validates-as-tel phone\" aria-required=\"true\" aria-invalid=\"false\" value=\"\" type=\"tel\" name=\"fone\" \/><\/span>\n                <\/div>\n              <\/div>\n\n              <div class=\"col-12 col-md-6\">\n                <div class=\"form-group\">\n                  <label for=\"input\" class=\"control-label\"> Asunto: *<\/label>\n                   <span class=\"wpcf7-form-control-wrap\" data-name=\"assunto\"><select class=\"wpcf7-form-control wpcf7-select wpcf7-validates-as-required\" aria-required=\"true\" aria-invalid=\"false\" name=\"assunto\"><option value=\"\">Asunto<\/option><option value=\"Vendas embalagens de vidro\">Vendas embalagens de vidro<\/option><option value=\"Vendas Utilidade Domestica\">Vendas Utilidade Domestica<\/option><option value=\"Exporta\u00e7\u00e3o\">Exporta\u00e7\u00e3o<\/option><option value=\"Suprimentos\">Suprimentos<\/option><option value=\"SAC\">SAC<\/option><option value=\"Marketing\">Marketing<\/option><\/select><\/span>\n                <\/div>\n              <\/div>\n              <div class=\"col-12 col-md-12\">\n                <div class=\"form-group\">\n                  <label class=\"control-label\"> Mensaje:<\/label>\n                   <span class=\"wpcf7-form-control-wrap\" data-name=\"mensagem\"><textarea cols=\"40\" rows=\"10\" maxlength=\"2000\" class=\"wpcf7-form-control wpcf7-textarea wpcf7-validates-as-required\" aria-required=\"true\" aria-invalid=\"false\" name=\"mensagem\"><\/textarea><\/span>\n                <\/div>\n              <\/div>\n\n              <div class=\"col-12 col-md-12\">\n                <div class=\"row align-items-center\">\n<div class=\"col-auto\">\n<button type=\"submit\" class=\"button btn btn-rounded btn-secondary\">\n                    <span>Enviar<\/span>\n                  <\/button>\n <\/div>\n<div class=\"col-auto\">\n <div class=\"form-help\">(*) Todos os campos s\u00e3o obrigat\u00f3rios<\/div>\n <\/div>\n                  \n                 \n                <\/div>\n              <\/div>\n<div class=\"col-12 col-md-12 text-center\">\n<div class=\"wpcf7-response-output\" aria-hidden=\"true\"><\/div>\n <\/div>\n            <\/div>\n          <\/div>\n<\/form>\n<\/div>\n<\/div>","protected":false},"excerpt":{"rendered":"<p>Puede contactar el Grupo Wheaton Brasil siempre que sea necesario, para hacer cumplidos, quejas o[&#8230;]<\/p>\n","protected":false},"author":4,"featured_media":6803,"parent":10470,"menu_order":14,"comment_status":"closed","ping_status":"closed","template":"","meta":{"_acf_changed":false,"inline_featured_image":false,"footnotes":""},"class_list":["post-10474","page","type-page","status-publish","has-post-thumbnail","hentry"],"acf":[],"_links":{"self":[{"href":"https:\/\/wheaton-produtos.htc.inf.br\/es\/wp-json\/wp\/v2\/pages\/10474","targetHints":{"allow":["GET"]}}],"collection":[{"href":"https:\/\/wheaton-produtos.htc.inf.br\/es\/wp-json\/wp\/v2\/pages"}],"about":[{"href":"https:\/\/wheaton-produtos.htc.inf.br\/es\/wp-json\/wp\/v2\/types\/page"}],"author":[{"embeddable":true,"href":"https:\/\/wheaton-produtos.htc.inf.br\/es\/wp-json\/wp\/v2\/users\/4"}],"replies":[{"embeddable":true,"href":"https:\/\/wheaton-produtos.htc.inf.br\/es\/wp-json\/wp\/v2\/comments?post=10474"}],"version-history":[{"count":0,"href":"https:\/\/wheaton-produtos.htc.inf.br\/es\/wp-json\/wp\/v2\/pages\/10474\/revisions"}],"up":[{"embeddable":true,"href":"https:\/\/wheaton-produtos.htc.inf.br\/es\/wp-json\/wp\/v2\/pages\/10470"}],"wp:featuredmedia":[{"embeddable":true,"href":"https:\/\/wheaton-produtos.htc.inf.br\/es\/wp-json\/wp\/v2\/media\/6803"}],"wp:attachment":[{"href":"https:\/\/wheaton-produtos.htc.inf.br\/es\/wp-json\/wp\/v2\/media?parent=10474"}],"curies":[{"name":"wp","href":"https:\/\/api.w.org\/{rel}","templated":true}]}}