{"id":10470,"date":"2023-05-21T09:58:16","date_gmt":"2023-05-21T12:58:16","guid":{"rendered":"https:\/\/wheaton-2023.htc.inf.br\/contact\/"},"modified":"2023-05-21T12:16:30","modified_gmt":"2023-05-21T15:16:30","slug":"contacto","status":"publish","type":"page","link":"https:\/\/wheaton-produtos.htc.inf.br\/es\/contacto\/","title":{"rendered":"Contacto"},"content":{"rendered":"<p>Voc\u00ea pode entrar em contato com o Grupo Wheaton Brasil sempre que for necess\u00e1rio, para fazer elogios, reclama\u00e7\u00f5es ou obter informa\u00e7\u00f5es sobre produtos e servi\u00e7os preenchendo o formul\u00e1rio abaixo, por e-mail ou por Whatsapp:<\/p><div class=\"wp-block-columns is-layout-flex wp-container-core-columns-is-layout-1 wp-block-columns-is-layout-flex\"><div class=\"wp-block-column is-layout-flow wp-block-column-is-layout-flow\"><h5 class=\"wp-block-heading\">Embalagens de Vidro<\/h5>\n\n<ul class=\"wp-block-list\"><li><a href=\"https:\/\/wheaton-2023.htc.inf.br\/contato\/#\">&nbsp;(11) 9 9393.6216<\/a><\/li>\n\n<li><a href=\"https:\/\/wheaton-2023.htc.inf.br\/contato\/#\">&nbsp;vendas@wheaton.com.br<\/a><\/li><\/ul><\/div>\n\n<div class=\"wp-block-column is-layout-flow wp-block-column-is-layout-flow\"><h5 class=\"wp-block-heading\">Utilidades Dom\u00e9sticas<\/h5>\n\n<ul class=\"wp-block-list\"><li><a href=\"https:\/\/wheaton-2023.htc.inf.br\/contato\/#\">&nbsp;(11) 9 4131.4360<\/a><\/li>\n\n<li><a href=\"https:\/\/wheaton-2023.htc.inf.br\/contato\/#\">&nbsp;ud@wheaton.com.br<\/a><\/li><\/ul><\/div>\n\n<div class=\"wp-block-column is-layout-flow wp-block-column-is-layout-flow\"><h5 class=\"wp-block-heading\">Links \u00dateis<\/h5>\n\n<ul class=\"wp-block-list\"><li><a href=\"https:\/\/wheaton-2023.htc.inf.br\/contato\/#\">&nbsp;Farmacap<\/a><\/li>\n\n<li><a href=\"https:\/\/wheaton-2023.htc.inf.br\/contato\/#\">&nbsp;NOAR<\/a><\/li><\/ul><\/div><\/div><p><em>* atendimento via Whatsapp de segunda a sexta-feira, das 9h \u00e0s 16h<\/em><\/p>","protected":false},"excerpt":{"rendered":"<p>Voc\u00ea pode entrar em contato com o Grupo Wheaton Brasil sempre que for necess\u00e1rio, para[&#8230;]<\/p>\n","protected":false},"author":3,"featured_media":9726,"parent":0,"menu_order":7,"comment_status":"closed","ping_status":"closed","template":"","meta":{"_acf_changed":false,"inline_featured_image":false,"footnotes":""},"class_list":["post-10470","page","type-page","status-publish","has-post-thumbnail","hentry"],"acf":[],"_links":{"self":[{"href":"https:\/\/wheaton-produtos.htc.inf.br\/es\/wp-json\/wp\/v2\/pages\/10470","targetHints":{"allow":["GET"]}}],"collection":[{"href":"https:\/\/wheaton-produtos.htc.inf.br\/es\/wp-json\/wp\/v2\/pages"}],"about":[{"href":"https:\/\/wheaton-produtos.htc.inf.br\/es\/wp-json\/wp\/v2\/types\/page"}],"author":[{"embeddable":true,"href":"https:\/\/wheaton-produtos.htc.inf.br\/es\/wp-json\/wp\/v2\/users\/3"}],"replies":[{"embeddable":true,"href":"https:\/\/wheaton-produtos.htc.inf.br\/es\/wp-json\/wp\/v2\/comments?post=10470"}],"version-history":[{"count":0,"href":"https:\/\/wheaton-produtos.htc.inf.br\/es\/wp-json\/wp\/v2\/pages\/10470\/revisions"}],"wp:featuredmedia":[{"embeddable":true,"href":"https:\/\/wheaton-produtos.htc.inf.br\/es\/wp-json\/wp\/v2\/media\/9726"}],"wp:attachment":[{"href":"https:\/\/wheaton-produtos.htc.inf.br\/es\/wp-json\/wp\/v2\/media?parent=10470"}],"curies":[{"name":"wp","href":"https:\/\/api.w.org\/{rel}","templated":true}]}}