{"id":10243,"date":"2023-05-11T18:44:50","date_gmt":"2023-05-11T21:44:50","guid":{"rendered":"https:\/\/wheaton-2023.htc.inf.br\/?page_id=10243"},"modified":"2023-05-11T23:04:34","modified_gmt":"2023-05-12T02:04:34","slug":"sobre-wheaton","status":"publish","type":"page","link":"https:\/\/wheaton-produtos.htc.inf.br\/es\/grupo-wheaton\/sobre-wheaton\/","title":{"rendered":"Sobre Wheaton"},"content":{"rendered":"<p>Wheaton es l\u00edder nacional en el suministro de envases de vidrio para los segmentos de Perfumer\u00eda y Cosm\u00e9tica y Farmac\u00e9utico, y una de las cinco mayores instalaciones especializadas en estos segmentos en el mundo, demostrando estar siempre a la vanguardia, innovando en conceptos, tecnolog\u00eda, servicio y dise\u00f1o.<br>Actualmente, adem\u00e1s de Wheaton, responsable por la producci\u00f3n y decoraci\u00f3n de embalajes de vidrio y utilidades dom\u00e9sticas, el Grupo Wheaton Brasil est\u00e1 compuesto por las siguientes empresas:<\/p><ul class=\"wp-block-list\"><li>Viton, fabricante de m\u00e1quinas y equipos para la industria del vidrio;<\/li>\n\n<li>Decor, unidad propia de decoraci\u00f3n de frascos y utensilios de vidrio;<\/li>\n\n<li>Extar, comercializadora y representante de productos de vidrio;<\/li>\n\n<li>Farmacap, fabricante de soluciones de cierre y accesorios de caucho y aluminio para las industrias farmac\u00e9utica, veterinaria y similares.<\/li>\n\n<li>NOAR, startup brasile\u00f1a de tecnolog\u00eda de aromas, la m\u00e1s reciente adquisici\u00f3n del Grupo Wheaton, establecido en S\u00e3o Paulo.<\/li><\/ul><p>Adem\u00e1s del mercado nacional, Wheaton tambi\u00e9n est\u00e1 presente en el mercado internacional, exportando a m\u00e1s de 40 pa\u00edses. Entre sus principales clientes se encuentran las m\u00e1s prestigiosas empresas, como Avon, Natura, O Botic\u00e1rio, Hinode, Jequiti, Yanbal, Eurofarma, EMS, Uni\u00e3o Qu\u00edmica, Novafarma, Ache, Oetker, Casa de Madeira, Predilecta, Sakura, Grupo P\u00e3o de A\u00e7\u00facar, Lojas Americanas, etc.<\/p><h2 class=\"wp-block-heading\">Historia<\/h2><p>La historia del Grupo Wheaton Brasil comenz\u00f3 en 1888 con la fundaci\u00f3n de la empresa T. C. Wheaton en la ciudad de Millville, estado de Nueva Jersey, en los Estados Unidos.<\/p><p>En 1952, Wheaton es fundada en S\u00e3o Paulo, y es pionera en colocar en el mercado, en 1953, el primer frasco de penicilina fabricado en m\u00e1quina I.S. de 4 secciones y doble gota. En el mismo a\u00f1o, Wheaton comienza a fabricar frascos que, adem\u00e1s del mercado farmac\u00e9utico, abastecen tambi\u00e9n la industria de perfumer\u00eda y cosm\u00e9ticos.<\/p><p>En los a\u00f1os 70, la producci\u00f3n de frascos tuvo un gran impulso. Ampli\u00f3 considerablemente sus instalaciones, alcanzando la capacidad diaria de 200 toneladas\/d\u00eda, utilizando m\u00e1quinas de gota cu\u00e1druple, extrayendo vidrio en los colores opalescente, azul cobalto, co\u00f1ac y verde.<\/p><p>En noviembre de 1976, Wheaton produce el primer vidrio prensado, marcando la creaci\u00f3n de la Divisi\u00f3n Dom\u00e9stica, con art\u00edculos para el hogar. En los a\u00f1os 80, con la reconstrucci\u00f3n y modernizaci\u00f3n de sus hornos, se ampl\u00eda el parque industrial para atender al crecimiento de esta l\u00ednea y del mercado de perfumer\u00eda y cosm\u00e9tica.<\/p><p>En los a\u00f1os 90, Wheaton introduce las primeras m\u00e1quinas con comando electr\u00f3nico, embalajes paletizados y termoencogidos, horno de fusi\u00f3n con combusti\u00f3n a oxig\u00e1s y monitoreo computadorizado y vidrios coloreados por sistema de alimentador de colores, adem\u00e1s de formalizar los programas de calidad. Al final de la d\u00e9cada, la unidad administrativa de S\u00e3o Paulo se transfiere al parque fabril de S\u00e3o Bernardo do Campo.<\/p>","protected":false},"excerpt":{"rendered":"<p>Wheaton es l\u00edder nacional en el suministro de envases de vidrio para los segmentos de[&#8230;]<\/p>\n","protected":false},"author":1,"featured_media":0,"parent":10244,"menu_order":35,"comment_status":"closed","ping_status":"closed","template":"","meta":{"_acf_changed":false,"inline_featured_image":false,"footnotes":""},"class_list":["post-10243","page","type-page","status-publish","hentry"],"acf":[],"_links":{"self":[{"href":"https:\/\/wheaton-produtos.htc.inf.br\/es\/wp-json\/wp\/v2\/pages\/10243","targetHints":{"allow":["GET"]}}],"collection":[{"href":"https:\/\/wheaton-produtos.htc.inf.br\/es\/wp-json\/wp\/v2\/pages"}],"about":[{"href":"https:\/\/wheaton-produtos.htc.inf.br\/es\/wp-json\/wp\/v2\/types\/page"}],"author":[{"embeddable":true,"href":"https:\/\/wheaton-produtos.htc.inf.br\/es\/wp-json\/wp\/v2\/users\/1"}],"replies":[{"embeddable":true,"href":"https:\/\/wheaton-produtos.htc.inf.br\/es\/wp-json\/wp\/v2\/comments?post=10243"}],"version-history":[{"count":0,"href":"https:\/\/wheaton-produtos.htc.inf.br\/es\/wp-json\/wp\/v2\/pages\/10243\/revisions"}],"up":[{"embeddable":true,"href":"https:\/\/wheaton-produtos.htc.inf.br\/es\/wp-json\/wp\/v2\/pages\/10244"}],"wp:attachment":[{"href":"https:\/\/wheaton-produtos.htc.inf.br\/es\/wp-json\/wp\/v2\/media?parent=10243"}],"curies":[{"name":"wp","href":"https:\/\/api.w.org\/{rel}","templated":true}]}}