{"id":5264,"date":"2021-04-23T15:48:08","date_gmt":"2021-04-23T18:48:09","guid":{"rendered":"http:\/\/localhost\/wheaton-dev\/produto\/lb-0516-s\/"},"modified":"2023-05-28T13:53:43","modified_gmt":"2023-05-28T16:53:43","slug":"lb-0516-s","status":"publish","type":"product","link":"https:\/\/wheaton-produtos.htc.inf.br\/en\/product\/lb-0516-s\/","title":{"rendered":"LB -0516-S"},"content":{"rendered":"<p><br data-mce-bogus=\"1\"><\/p>\n","protected":false},"excerpt":{"rendered":"<p>Uma cole\u00e7\u00e3o especial dedicada a projetos diferenciados.<br \/>A demanda por embalagens diferenciadas aumentou nos \u00faltimos anos.<br \/>Para atender a esses clientes, a Wheaton Brasil desenvolveu frascos com design singular dedicados a conceitos especiais de produtos.<br \/>Termina\u00e7\u00e3o descentralizada, formas criativas, fundo elaborado e aplica\u00e7\u00e3o de fire polishing. Frascos sofisticados em uma linha standard, com uma condi\u00e7\u00e3o especial.<\/p>\n","protected":false},"featured_media":4858,"comment_status":"closed","ping_status":"closed","template":"","meta":{"_acf_changed":false,"inline_featured_image":false},"product_brand":[],"product_cat":[80,124,82],"product_tag":[],"class_list":{"0":"post-5264","1":"product","2":"type-product","3":"status-publish","4":"has-post-thumbnail","6":"product_cat-glass-packaging","7":"product_cat-inspiracao","8":"product_cat-perfumery-cosmetics-en","10":"first","11":"instock","12":"product-type-simple"},"acf":[],"_links":{"self":[{"href":"https:\/\/wheaton-produtos.htc.inf.br\/en\/wp-json\/wp\/v2\/product\/5264","targetHints":{"allow":["GET"]}}],"collection":[{"href":"https:\/\/wheaton-produtos.htc.inf.br\/en\/wp-json\/wp\/v2\/product"}],"about":[{"href":"https:\/\/wheaton-produtos.htc.inf.br\/en\/wp-json\/wp\/v2\/types\/product"}],"replies":[{"embeddable":true,"href":"https:\/\/wheaton-produtos.htc.inf.br\/en\/wp-json\/wp\/v2\/comments?post=5264"}],"wp:featuredmedia":[{"embeddable":true,"href":"https:\/\/wheaton-produtos.htc.inf.br\/en\/wp-json\/wp\/v2\/media\/4858"}],"wp:attachment":[{"href":"https:\/\/wheaton-produtos.htc.inf.br\/en\/wp-json\/wp\/v2\/media?parent=5264"}],"wp:term":[{"taxonomy":"product_brand","embeddable":true,"href":"https:\/\/wheaton-produtos.htc.inf.br\/en\/wp-json\/wp\/v2\/product_brand?post=5264"},{"taxonomy":"product_cat","embeddable":true,"href":"https:\/\/wheaton-produtos.htc.inf.br\/en\/wp-json\/wp\/v2\/product_cat?post=5264"},{"taxonomy":"product_tag","embeddable":true,"href":"https:\/\/wheaton-produtos.htc.inf.br\/en\/wp-json\/wp\/v2\/product_tag?post=5264"}],"curies":[{"name":"wp","href":"https:\/\/api.w.org\/{rel}","templated":true}]}}