{"id":5262,"date":"2021-04-15T17:20:05","date_gmt":"2021-04-15T20:20:06","guid":{"rendered":"http:\/\/localhost\/wheaton-dev\/produto\/lb-0438-n1\/"},"modified":"2023-05-28T13:53:44","modified_gmt":"2023-05-28T16:53:44","slug":"lb-0438-n1","status":"publish","type":"product","link":"https:\/\/wheaton-produtos.htc.inf.br\/en\/product\/lb-0438-n1\/","title":{"rendered":"LB-0438-N1"},"content":{"rendered":"","protected":false},"excerpt":{"rendered":"<p>Uma cole\u00e7\u00e3o especial dedicada a projetos diferenciados.<br \/>\nA demanda por embalagens diferenciadas aumentou nos \u00faltimos anos.<br \/>\nPara atender a esses clientes, a Wheaton desenvolveu frascos com design singular dedicados a conceitos especiais de produtos.<br \/>\nTermina\u00e7\u00e3o descentralizada, formas criativas, fundo elaborado e aplica\u00e7\u00e3o de fire polishing. Frascos sofisticados em uma linha standard, com uma condi\u00e7\u00e3o especial.<\/p>\n","protected":false},"featured_media":4832,"comment_status":"closed","ping_status":"closed","template":"","meta":{"_acf_changed":false,"inline_featured_image":false},"product_brand":[],"product_cat":[127,80,82],"product_tag":[],"class_list":{"0":"post-5262","1":"product","2":"type-product","3":"status-publish","4":"has-post-thumbnail","6":"product_cat-colecao-especial-en","7":"product_cat-glass-packaging","8":"product_cat-perfumery-cosmetics-en","10":"first","11":"instock","12":"product-type-simple"},"acf":[],"_links":{"self":[{"href":"https:\/\/wheaton-produtos.htc.inf.br\/en\/wp-json\/wp\/v2\/product\/5262","targetHints":{"allow":["GET"]}}],"collection":[{"href":"https:\/\/wheaton-produtos.htc.inf.br\/en\/wp-json\/wp\/v2\/product"}],"about":[{"href":"https:\/\/wheaton-produtos.htc.inf.br\/en\/wp-json\/wp\/v2\/types\/product"}],"replies":[{"embeddable":true,"href":"https:\/\/wheaton-produtos.htc.inf.br\/en\/wp-json\/wp\/v2\/comments?post=5262"}],"wp:featuredmedia":[{"embeddable":true,"href":"https:\/\/wheaton-produtos.htc.inf.br\/en\/wp-json\/wp\/v2\/media\/4832"}],"wp:attachment":[{"href":"https:\/\/wheaton-produtos.htc.inf.br\/en\/wp-json\/wp\/v2\/media?parent=5262"}],"wp:term":[{"taxonomy":"product_brand","embeddable":true,"href":"https:\/\/wheaton-produtos.htc.inf.br\/en\/wp-json\/wp\/v2\/product_brand?post=5262"},{"taxonomy":"product_cat","embeddable":true,"href":"https:\/\/wheaton-produtos.htc.inf.br\/en\/wp-json\/wp\/v2\/product_cat?post=5262"},{"taxonomy":"product_tag","embeddable":true,"href":"https:\/\/wheaton-produtos.htc.inf.br\/en\/wp-json\/wp\/v2\/product_tag?post=5262"}],"curies":[{"name":"wp","href":"https:\/\/api.w.org\/{rel}","templated":true}]}}