{"id":5205,"date":"2018-03-01T18:17:40","date_gmt":"2018-03-01T21:17:40","guid":{"rendered":"http:\/\/localhost\/wheaton-dev\/produto\/mb-1332-s\/"},"modified":"2021-09-21T23:49:23","modified_gmt":"2021-09-22T02:49:23","slug":"mb-1332-s","status":"publish","type":"product","link":"https:\/\/wheaton-produtos.htc.inf.br\/en\/product\/mb-1332-s\/","title":{"rendered":"MB -1332-S"},"content":{"rendered":"","protected":false},"excerpt":{"rendered":"<p>La sencillez de las l\u00edneas y la ligereza de las formas declaran una alegr\u00eda espont\u00e1nea.<\/p>\n","protected":false},"featured_media":3969,"comment_status":"closed","ping_status":"open","template":"","meta":{"_acf_changed":false,"inline_featured_image":false},"product_brand":[],"product_cat":[119,80,82],"product_tag":[],"class_list":{"0":"post-5205","1":"product","2":"type-product","3":"status-publish","4":"has-post-thumbnail","6":"product_cat-alegria-perfumaria-cosmeticos-glass-packaging","7":"product_cat-glass-packaging","8":"product_cat-perfumery-cosmetics-en","10":"first","11":"instock","12":"product-type-simple"},"acf":[],"_links":{"self":[{"href":"https:\/\/wheaton-produtos.htc.inf.br\/en\/wp-json\/wp\/v2\/product\/5205","targetHints":{"allow":["GET"]}}],"collection":[{"href":"https:\/\/wheaton-produtos.htc.inf.br\/en\/wp-json\/wp\/v2\/product"}],"about":[{"href":"https:\/\/wheaton-produtos.htc.inf.br\/en\/wp-json\/wp\/v2\/types\/product"}],"replies":[{"embeddable":true,"href":"https:\/\/wheaton-produtos.htc.inf.br\/en\/wp-json\/wp\/v2\/comments?post=5205"}],"wp:featuredmedia":[{"embeddable":true,"href":"https:\/\/wheaton-produtos.htc.inf.br\/en\/wp-json\/wp\/v2\/media\/3969"}],"wp:attachment":[{"href":"https:\/\/wheaton-produtos.htc.inf.br\/en\/wp-json\/wp\/v2\/media?parent=5205"}],"wp:term":[{"taxonomy":"product_brand","embeddable":true,"href":"https:\/\/wheaton-produtos.htc.inf.br\/en\/wp-json\/wp\/v2\/product_brand?post=5205"},{"taxonomy":"product_cat","embeddable":true,"href":"https:\/\/wheaton-produtos.htc.inf.br\/en\/wp-json\/wp\/v2\/product_cat?post=5205"},{"taxonomy":"product_tag","embeddable":true,"href":"https:\/\/wheaton-produtos.htc.inf.br\/en\/wp-json\/wp\/v2\/product_tag?post=5205"}],"curies":[{"name":"wp","href":"https:\/\/api.w.org\/{rel}","templated":true}]}}