{"id":10493,"date":"2023-05-17T16:09:15","date_gmt":"2023-05-17T19:09:15","guid":{"rendered":"https:\/\/wheaton-2023.htc.inf.br\/produto\/5254-mini-copo-neon-amarelo-e-laranja\/"},"modified":"2023-05-23T13:54:57","modified_gmt":"2023-05-23T16:54:57","slug":"5254-mini-beer-glass-yellow-and-orange","status":"publish","type":"product","link":"https:\/\/wheaton-produtos.htc.inf.br\/en\/product\/5254-mini-beer-glass-yellow-and-orange\/","title":{"rendered":"5254 &#8211; MINI BEER GLASS &#8211; YELLOW AND ORANGE"},"content":{"rendered":"","protected":false},"excerpt":{"rendered":"<p>O mundo digital invadindo o mundo real &#8211; Seguindo as principais tend\u00eamcias de moda e decora\u00e7\u00e3o, a linha conta como copos decorados em cores neon vibrantes degrad\u00ea, em combina\u00e7\u00f5es arrojadas, futuristas e divertidas.<\/p>\n","protected":false},"featured_media":10360,"comment_status":"closed","ping_status":"closed","template":"","meta":{"_acf_changed":false,"inline_featured_image":false},"product_brand":[],"product_cat":[97,81],"product_tag":[],"class_list":{"0":"post-10493","1":"product","2":"type-product","3":"status-publish","4":"has-post-thumbnail","6":"product_cat-chopp-tableware","7":"product_cat-tableware","9":"first","10":"instock","11":"product-type-simple"},"acf":[],"_links":{"self":[{"href":"https:\/\/wheaton-produtos.htc.inf.br\/en\/wp-json\/wp\/v2\/product\/10493","targetHints":{"allow":["GET"]}}],"collection":[{"href":"https:\/\/wheaton-produtos.htc.inf.br\/en\/wp-json\/wp\/v2\/product"}],"about":[{"href":"https:\/\/wheaton-produtos.htc.inf.br\/en\/wp-json\/wp\/v2\/types\/product"}],"replies":[{"embeddable":true,"href":"https:\/\/wheaton-produtos.htc.inf.br\/en\/wp-json\/wp\/v2\/comments?post=10493"}],"wp:featuredmedia":[{"embeddable":true,"href":"https:\/\/wheaton-produtos.htc.inf.br\/en\/wp-json\/wp\/v2\/media\/10360"}],"wp:attachment":[{"href":"https:\/\/wheaton-produtos.htc.inf.br\/en\/wp-json\/wp\/v2\/media?parent=10493"}],"wp:term":[{"taxonomy":"product_brand","embeddable":true,"href":"https:\/\/wheaton-produtos.htc.inf.br\/en\/wp-json\/wp\/v2\/product_brand?post=10493"},{"taxonomy":"product_cat","embeddable":true,"href":"https:\/\/wheaton-produtos.htc.inf.br\/en\/wp-json\/wp\/v2\/product_cat?post=10493"},{"taxonomy":"product_tag","embeddable":true,"href":"https:\/\/wheaton-produtos.htc.inf.br\/en\/wp-json\/wp\/v2\/product_tag?post=10493"}],"curies":[{"name":"wp","href":"https:\/\/api.w.org\/{rel}","templated":true}]}}