{"id":10478,"date":"2021-11-23T15:23:17","date_gmt":"2021-11-23T18:23:17","guid":{"rendered":"https:\/\/wheaton-2023.htc.inf.br\/contact\/loja-de-fabrica-wheaton\/"},"modified":"2023-05-21T12:02:29","modified_gmt":"2023-05-21T15:02:29","slug":"wheaton-factory-store","status":"publish","type":"page","link":"https:\/\/wheaton-produtos.htc.inf.br\/en\/contact\/wheaton-factory-store\/","title":{"rendered":"Wheaton Factory Store"},"content":{"rendered":"<h4 class=\"wp-block-heading\">Wheaton Factory Store \u2013 Domestic housewares in Glass<\/h4><p>Av. \u00c1lvaro Guimar\u00e3es, 2502<br>S\u00e3o Bernardo do Campo &#8211; SP \u2013 Brasil<br>CEP: 09810\u2013010<br>Phone:\u00a0<a rel=\"noreferrer noopener\" href=\"tel:+551143551800\" target=\"_blank\">55 11 4355\u20131800<\/a><br>Fax:\u00a0<a rel=\"noreferrer noopener\" href=\"tel:+551143551800\" target=\"_blank\">55 11 4355\u20131899<\/a><\/p><div class=\"wp-block-columns is-layout-flex wp-container-core-columns-is-layout-1 wp-block-columns-is-layout-flex\"><div class=\"wp-block-column is-layout-flow wp-block-column-is-layout-flow\"><p><strong>Contact:<\/strong><br><a href=\"mailto:nossalojinha@wheaton.com.br\">nossalojinha@wheaton.com.br<\/a><br><strong>Phone:\u00a0<\/strong>(11) 4355-1990 \/ 4355-1117<\/p>\n\n<div class=\"wp-block-image\"><figure class=\"alignleft\"><a href=\"https:\/\/api.whatsapp.com\/send?phone=5511941151270\" target=\"_blank\" rel=\"noreferrer noopener\"><img decoding=\"async\" src=\"https:\/\/cdn.wheaton.com.br\/wp-content\/uploads\/2011\/12\/whatsapp2.jpg\" alt=\"\" class=\"wp-image-11101\"\/><\/a><\/figure><\/div>\n\n<p><\/p>\n\n<p><a href=\"https:\/\/api.whatsapp.com\/send?phone=5511941151270\" target=\"_blank\" rel=\"noreferrer noopener\">(11)&nbsp;94115-1270<\/a><\/p>\n\n<p><\/p>\n\n<p><strong>Opening hours:<\/strong><br>Monday to Friday, 10:00 am to 4:30 pm<br>Ask us about opening hours on Saturdays<\/p><\/div>\n\n<div class=\"wp-block-column is-layout-flow wp-block-column-is-layout-flow\"><p><strong>Address:<\/strong><br>Avenida \u00c1lvaro Guimar\u00e3es, 2.502<br>Bairro Assun\u00e7\u00e3o \u2013 S\u00e3o Bernardo do Campo<\/p><\/div><\/div>","protected":false},"excerpt":{"rendered":"<p>Wheaton Factory Store \u2013 Domestic housewares in Glass Av. \u00c1lvaro Guimar\u00e3es, 2502S\u00e3o Bernardo do Campo[&#8230;]<\/p>\n","protected":false},"author":4,"featured_media":0,"parent":10469,"menu_order":19,"comment_status":"closed","ping_status":"closed","template":"","meta":{"_acf_changed":false,"inline_featured_image":false,"footnotes":""},"class_list":["post-10478","page","type-page","status-publish","hentry"],"acf":[],"_links":{"self":[{"href":"https:\/\/wheaton-produtos.htc.inf.br\/en\/wp-json\/wp\/v2\/pages\/10478","targetHints":{"allow":["GET"]}}],"collection":[{"href":"https:\/\/wheaton-produtos.htc.inf.br\/en\/wp-json\/wp\/v2\/pages"}],"about":[{"href":"https:\/\/wheaton-produtos.htc.inf.br\/en\/wp-json\/wp\/v2\/types\/page"}],"author":[{"embeddable":true,"href":"https:\/\/wheaton-produtos.htc.inf.br\/en\/wp-json\/wp\/v2\/users\/4"}],"replies":[{"embeddable":true,"href":"https:\/\/wheaton-produtos.htc.inf.br\/en\/wp-json\/wp\/v2\/comments?post=10478"}],"version-history":[{"count":0,"href":"https:\/\/wheaton-produtos.htc.inf.br\/en\/wp-json\/wp\/v2\/pages\/10478\/revisions"}],"up":[{"embeddable":true,"href":"https:\/\/wheaton-produtos.htc.inf.br\/en\/wp-json\/wp\/v2\/pages\/10469"}],"wp:attachment":[{"href":"https:\/\/wheaton-produtos.htc.inf.br\/en\/wp-json\/wp\/v2\/media?parent=10478"}],"curies":[{"name":"wp","href":"https:\/\/api.w.org\/{rel}","templated":true}]}}