{"id":10279,"date":"2023-05-14T18:12:08","date_gmt":"2023-05-14T21:12:08","guid":{"rendered":"https:\/\/wheaton-2023.htc.inf.br\/?page_id=10279"},"modified":"2023-05-21T12:24:13","modified_gmt":"2023-05-21T15:24:13","slug":"contact-us","status":"publish","type":"page","link":"https:\/\/wheaton-produtos.htc.inf.br\/en\/contact\/contact-us\/","title":{"rendered":"Contact us"},"content":{"rendered":"<p>You can contact the Wheaton Brasil Group whenever necessary, to make compliments, complaints or obtain information about products and services by filling out the form below, by email or WhatsApp:<\/p><div class=\"wp-block-columns is-layout-flex wp-container-core-columns-is-layout-1 wp-block-columns-is-layout-flex\"><div class=\"wp-block-column is-layout-flow wp-block-column-is-layout-flow\"><h5 class=\"wp-block-heading\">Export<\/h5>\n\n<ul class=\"wp-block-list\"><li>&nbsp;(11) 4355-1210 <\/li>\n\n<li><a href=\"mailto:&nbsp;export@wheaton.com.br\">export@wheaton.com.br<\/a><\/li><\/ul><\/div>\n\n<div class=\"wp-block-column is-layout-flow wp-block-column-is-layout-flow\"><h5 class=\"wp-block-heading\">Press office<\/h5>\n\n<ul class=\"wp-block-list\"><li>Connected communication<\/li>\n\n<li><a href=\"https:\/\/api.whatsapp.com\/send?phone=5511998648524&amp;text=Ol%C3%A1.%20Desejo%20mais%20informa%C3%A7%C3%B5es%20sobre%20a%20wheaton\" target=\"_blank\" rel=\"noreferrer noopener\">&nbsp;(11) 9 9864 8524 <img loading=\"lazy\" decoding=\"async\" width=\"16\" height=\"16\" class=\"wp-image-9666\" style=\"width: 16px;\" src=\"https:\/\/wheaton-2023.htc.inf.br\/wp-content\/uploads\/2023\/03\/whatsapp-icon-16-16.png\" alt=\"whatsapp icon\"><\/a> <\/li>\n\n<li><a href=\"mailto:contato@comunicacaoconectada.com.br\">contato@comunicacaoconectada.com.br<\/a><\/li><\/ul><\/div><\/div><div class=\"wp-block-columns is-layout-flex wp-container-core-columns-is-layout-2 wp-block-columns-is-layout-flex\"><div class=\"wp-block-column is-layout-flow wp-block-column-is-layout-flow\"><h5 class=\"wp-block-heading\">Customer Service \u2013 Domestic Utility<\/h5>\n\n<ul class=\"wp-block-list\"><li><a href=\"tel:+551143551185\">&nbsp;(11) 4355-1185<\/a><\/li>\n\n<li><a href=\"mailto:sac_ud@wheaton.com.br\"> sac_ud@wheaton.com.br<\/a><\/li><\/ul><\/div>\n\n<div class=\"wp-block-column is-layout-flow wp-block-column-is-layout-flow\"><h5 class=\"wp-block-heading\">Work with us<\/h5>\n\n<ul class=\"wp-block-list\"><li><a href=\"https:\/\/wheaton.gupy.io\/\" target=\"_blank\" rel=\"noreferrer noopener\">https:\/\/wheaton.gupy.io\/<\/a><\/li><\/ul><\/div><\/div><p><\/p><h5 class=\"wp-block-heading\"><strong>Grupo Wheaton Brasil<\/strong><\/h5><ul class=\"wp-block-list\"><li>Av. \u00c1lvaro Guimar\u00e3es, 2502 &#8211; S\u00e3o Bernardo do Campo &#8211; SP \u2013 Brasil CEP: 09810\u2013010<\/li>\n\n<li><a rel=\"noreferrer noopener\" href=\"tel:+551143551800\" target=\"_blank\">55 11 4355\u20131800<\/a><\/li><\/ul><div class=\"wp-block-contact-form-7-contact-form-selector\">\n<div class=\"wpcf7 no-js\" id=\"wpcf7-f10161-o1\" lang=\"en-US\" dir=\"ltr\" data-wpcf7-id=\"10161\">\n<div class=\"screen-reader-response\"><p role=\"status\" aria-live=\"polite\" aria-atomic=\"true\"><\/p> <ul><\/ul><\/div>\n<form action=\"\/en\/wp-json\/wp\/v2\/pages\/10279#wpcf7-f10161-o1\" method=\"post\" class=\"wpcf7-form init\" aria-label=\"Contact form\" novalidate=\"novalidate\" data-status=\"init\">\n<div style=\"display: none;\">\n<input type=\"hidden\" name=\"_wpcf7\" value=\"10161\" \/>\n<input type=\"hidden\" name=\"_wpcf7_version\" value=\"6.0.3\" \/>\n<input type=\"hidden\" name=\"_wpcf7_locale\" value=\"en_US\" \/>\n<input type=\"hidden\" name=\"_wpcf7_unit_tag\" value=\"wpcf7-f10161-o1\" \/>\n<input type=\"hidden\" name=\"_wpcf7_container_post\" value=\"0\" \/>\n<input type=\"hidden\" name=\"_wpcf7_posted_data_hash\" value=\"\" \/>\n<\/div>\n<div class=\"form-container\">\n<div class=\"row justify-center\">\n<div class=\"col-12 col-md-12 text-center\">\n<div class=\"wpcf7-response-output\" aria-hidden=\"true\"><\/div>\n <\/div>\n              <div class=\"col-12 col-md-6\">\n                <div class=\"form-group\">\n                  <label class=\"control-label\">Name:<\/label>\n                  <span class=\"wpcf7-form-control-wrap\" data-name=\"nome\"><input size=\"40\" maxlength=\"400\" class=\"wpcf7-form-control wpcf7-text wpcf7-validates-as-required\" aria-required=\"true\" aria-invalid=\"false\" value=\"\" type=\"text\" name=\"nome\" \/><\/span>\n                <\/div>\n              <\/div>\n              <div class=\"col-12 col-md-6\">\n                <div class=\"form-group\">\n                  <label for=\"input\" class=\"control-label\">Email: *<\/label>\n                  <span class=\"wpcf7-form-control-wrap\" data-name=\"email\"><input size=\"40\" maxlength=\"400\" class=\"wpcf7-form-control wpcf7-email wpcf7-validates-as-required wpcf7-text wpcf7-validates-as-email\" aria-required=\"true\" aria-invalid=\"false\" value=\"\" type=\"email\" name=\"email\" \/><\/span>\n                <\/div>\n              <\/div>\n              <div class=\"col-12 col-md-6\">\n                <div class=\"form-group\">\n                  <label for=\"input\" class=\"control-label\">Phone: *<\/label>\n                  <span class=\"wpcf7-form-control-wrap\" data-name=\"fone\"><input size=\"40\" maxlength=\"400\" class=\"wpcf7-form-control wpcf7-tel wpcf7-validates-as-required wpcf7-text wpcf7-validates-as-tel\" aria-required=\"true\" aria-invalid=\"false\" value=\"\" type=\"tel\" name=\"fone\" \/><\/span>\n                <\/div>\n              <\/div>\n\n              <div class=\"col-12 col-md-6\">\n                <div class=\"form-group\">\n                  <label for=\"input\" class=\"control-label\"> Subject:<\/label>\n                   <span class=\"wpcf7-form-control-wrap\" data-name=\"assunto\"><select class=\"wpcf7-form-control wpcf7-select wpcf7-validates-as-required\" aria-required=\"true\" aria-invalid=\"false\" name=\"assunto\"><option value=\"\">Subject<\/option><option value=\"Glass Packaging\">Glass Packaging<\/option><option value=\"Domestic Utility\">Domestic Utility<\/option><option value=\"Export\">Export<\/option><option value=\"Suppliers\">Suppliers<\/option><option value=\"Customer Service\">Customer Service<\/option><option value=\"Marketing\">Marketing<\/option><\/select><\/span>\n                <\/div>\n              <\/div>\n              <div class=\"col-12 col-md-12\">\n                <div class=\"form-group\">\n                  <label class=\"control-label\"> Message: *<\/label>\n                   <span class=\"wpcf7-form-control-wrap\" data-name=\"mensagem\"><textarea cols=\"40\" rows=\"10\" maxlength=\"2000\" class=\"wpcf7-form-control wpcf7-textarea wpcf7-validates-as-required\" aria-required=\"true\" aria-invalid=\"false\" name=\"mensagem\"><\/textarea><\/span>\n                <\/div>\n              <\/div>\n\n              <div class=\"col-12 col-md-12\">\n                <div class=\"row align-items-center\">\n<div class=\"col-auto\">\n<button type=\"submit\" class=\"button btn btn-rounded btn-secondary\">\n                    <span>Send<\/span>\n                  <\/button>\n <\/div>\n<div class=\"col-auto\">\n <div class=\"form-help\">(*) Required field<\/div>\n <\/div>\n                  \n                 \n                <\/div>\n              <\/div>\n<div class=\"col-12 col-md-12 text-center\">\n<div class=\"wpcf7-response-output\" aria-hidden=\"true\"><\/div>\n <\/div>\n            <\/div>\n          <\/div>\n<\/form>\n<\/div>\n<\/div>","protected":false},"excerpt":{"rendered":"<p>You can contact the Wheaton Brasil Group whenever necessary, to make compliments, complaints or obtain[&#8230;]<\/p>\n","protected":false},"author":1,"featured_media":6802,"parent":10469,"menu_order":16,"comment_status":"closed","ping_status":"closed","template":"","meta":{"_acf_changed":false,"inline_featured_image":false,"footnotes":""},"class_list":["post-10279","page","type-page","status-publish","has-post-thumbnail","hentry"],"acf":[],"_links":{"self":[{"href":"https:\/\/wheaton-produtos.htc.inf.br\/en\/wp-json\/wp\/v2\/pages\/10279","targetHints":{"allow":["GET"]}}],"collection":[{"href":"https:\/\/wheaton-produtos.htc.inf.br\/en\/wp-json\/wp\/v2\/pages"}],"about":[{"href":"https:\/\/wheaton-produtos.htc.inf.br\/en\/wp-json\/wp\/v2\/types\/page"}],"author":[{"embeddable":true,"href":"https:\/\/wheaton-produtos.htc.inf.br\/en\/wp-json\/wp\/v2\/users\/1"}],"replies":[{"embeddable":true,"href":"https:\/\/wheaton-produtos.htc.inf.br\/en\/wp-json\/wp\/v2\/comments?post=10279"}],"version-history":[{"count":0,"href":"https:\/\/wheaton-produtos.htc.inf.br\/en\/wp-json\/wp\/v2\/pages\/10279\/revisions"}],"up":[{"embeddable":true,"href":"https:\/\/wheaton-produtos.htc.inf.br\/en\/wp-json\/wp\/v2\/pages\/10469"}],"wp:featuredmedia":[{"embeddable":true,"href":"https:\/\/wheaton-produtos.htc.inf.br\/en\/wp-json\/wp\/v2\/media\/6802"}],"wp:attachment":[{"href":"https:\/\/wheaton-produtos.htc.inf.br\/en\/wp-json\/wp\/v2\/media?parent=10279"}],"curies":[{"name":"wp","href":"https:\/\/api.w.org\/{rel}","templated":true}]}}