{"id":10242,"date":"2023-05-11T18:40:02","date_gmt":"2023-05-11T21:40:02","guid":{"rendered":"https:\/\/wheaton-2023.htc.inf.br\/?page_id=10242"},"modified":"2023-05-11T20:34:06","modified_gmt":"2023-05-11T23:34:06","slug":"about-wheaton","status":"publish","type":"page","link":"https:\/\/wheaton-produtos.htc.inf.br\/en\/wheaton-group\/about-wheaton\/","title":{"rendered":"About Wheaton"},"content":{"rendered":"<p>Wheaton is the national leader in glass packaging supply for the Perfumery and Cosmetics and Pharmaceutical segments, and one of the five biggest installations specialized in these segments in the world, proving to be always ahead of its time, innovating in concepts, technology, service, and design.<br>Currently, besides Wheaton, responsible for the production and decoration of glass packaging and domestic utilities, the Wheaton Brasil Group is composed of the following companies:<\/p><ul class=\"wp-block-list\"><li>Viton, manufacturer of machinery and equipment for glass industries;<\/li>\n\n<li>Decor, its own unit for decoration of glass jars and utensils;<\/li>\n\n<li>Extar, a company that trades and represents glass products;<\/li>\n\n<li>Farmacap, manufacturer of closure solutions and rubber and aluminum accessories for pharmaceutical, veterinary and similar industries.<\/li>\n\n<li>NOAR, a Brazilian scent tech startup, most recent acquisition of the Wheaton Group, established in S\u00e3o Paulo.<\/li><\/ul><p>Besides the domestic market, Wheaton is also present in the international market, exporting to more than 40 countries. Among its main clients are the most prestigious companies, such as Avon, Natura, O Botic\u00e1rio, Hinode, Jequiti, Yanbal, Eurofarma, EMS, Uni\u00e3o Qu\u00edmica, Novafarma, Ache, Oetker, Casa de Madeira, Predilecta, Sakura, Grupo P\u00e3o de A\u00e7\u00facar, Lojas Americanas, etc.<\/p><h2 class=\"wp-block-heading\">History<\/h2><p>The history of the Wheaton Brasil Group began in 1888 with the foundation of the T. C. Wheaton company in Millville, New Jersey, USA.<\/p><p>In 1952, Wheaton is founded in S\u00e3o Paulo, and is a pioneer in placing on the market, in 1953, the first penicillin vial manufactured in a 4-section, double drop, I.S. machine. In the same year, Wheaton starts manufacturing flasks that, besides the pharmaceutical market, also serve the perfumery and cosmetics industry.<\/p><p>In the 70&#8217;s, the production of bottles had a great impulse. It considerably expanded its facilities, reaching the daily capacity of 200 tons\/day, using quadruple drop machines, extracting glass in the colors opalescent, cobalt blue, cognac, and green.<\/p><p>In November 1976, Wheaton produces the first pressed glass, marking the creation of the Housewares division, with articles for the home. In the 80&#8217;s, with the reconstruction and modernization of its furnaces, the industrial park is enlarged to attend the growth of this line and of the perfumery and cosmetics market.<\/p><p>In the 90&#8217;s, Wheaton introduces the first machines with electronic command, palletized and thermoshrunk packaging, oxy-gas combustion melting furnace and computerized monitoring, and colored glass by the color feeder system, as well as formalizing the quality programs. At the end of the decade, the administrative unit in S\u00e3o Paulo is transferred to the manufacturing park in S\u00e3o Bernardo do Campo.<\/p>","protected":false},"excerpt":{"rendered":"<p>Wheaton is the national leader in glass packaging supply for the Perfumery and Cosmetics and[&#8230;]<\/p>\n","protected":false},"author":1,"featured_media":0,"parent":10075,"menu_order":36,"comment_status":"closed","ping_status":"closed","template":"","meta":{"_acf_changed":false,"inline_featured_image":false,"footnotes":""},"class_list":["post-10242","page","type-page","status-publish","hentry"],"acf":[],"_links":{"self":[{"href":"https:\/\/wheaton-produtos.htc.inf.br\/en\/wp-json\/wp\/v2\/pages\/10242","targetHints":{"allow":["GET"]}}],"collection":[{"href":"https:\/\/wheaton-produtos.htc.inf.br\/en\/wp-json\/wp\/v2\/pages"}],"about":[{"href":"https:\/\/wheaton-produtos.htc.inf.br\/en\/wp-json\/wp\/v2\/types\/page"}],"author":[{"embeddable":true,"href":"https:\/\/wheaton-produtos.htc.inf.br\/en\/wp-json\/wp\/v2\/users\/1"}],"replies":[{"embeddable":true,"href":"https:\/\/wheaton-produtos.htc.inf.br\/en\/wp-json\/wp\/v2\/comments?post=10242"}],"version-history":[{"count":0,"href":"https:\/\/wheaton-produtos.htc.inf.br\/en\/wp-json\/wp\/v2\/pages\/10242\/revisions"}],"up":[{"embeddable":true,"href":"https:\/\/wheaton-produtos.htc.inf.br\/en\/wp-json\/wp\/v2\/pages\/10075"}],"wp:attachment":[{"href":"https:\/\/wheaton-produtos.htc.inf.br\/en\/wp-json\/wp\/v2\/media?parent=10242"}],"curies":[{"name":"wp","href":"https:\/\/api.w.org\/{rel}","templated":true}]}}